{"id":3486,"date":"2020-05-26T11:42:19","date_gmt":"2020-05-26T11:42:19","guid":{"rendered":"http:\/\/www.genesesolution.com\/finland\/?page_id=3486"},"modified":"2021-08-04T08:45:40","modified_gmt":"2021-08-04T08:45:40","slug":"valvonta","status":"publish","type":"page","link":"https:\/\/www.genesesolution.com\/finland\/valvonta\/","title":{"rendered":"Valvonta"},"content":{"rendered":"\n\n[et_pb_section fb_built=&#8221;1&#8243; _builder_version=&#8221;4.4.6&#8243; background_color=&#8221;#f2f5fc&#8221; da_disable_devices=&#8221;off|off|off&#8221; da_is_popup=&#8221;off&#8221; da_exit_intent=&#8221;off&#8221; da_has_close=&#8221;on&#8221; da_alt_close=&#8221;off&#8221; da_dark_close=&#8221;off&#8221; da_not_modal=&#8221;on&#8221; da_is_singular=&#8221;off&#8221; da_with_loader=&#8221;off&#8221; da_has_shadow=&#8221;on&#8221;][et_pb_row column_structure=&#8221;1_5,3_5,1_5&#8243; _builder_version=&#8221;4.4.6&#8243;][et_pb_column type=&#8221;1_5&#8243; _builder_version=&#8221;4.4.6&#8243;][\/et_pb_column][et_pb_column type=&#8221;3_5&#8243; _builder_version=&#8221;4.4.6&#8243;][et_pb_text _builder_version=&#8221;4.9.4&#8243; hover_enabled=&#8221;0&#8243; sticky_enabled=&#8221;0&#8243;]<h6 style=\"text-align: center;\"><span>Ratkaisut<\/span><\/h6>\n<h1 style=\"text-align: center;\"><span>Valvonta<\/span><\/h1>\n<p style=\"text-align: center;\"><span>Tarjoamme valvonta- ja vianhavaitsemisty\u00f6kaluja, jotka auttavat asiakkaitamme tunnistamaan ja ratkaisemaan IT-ymp\u00e4rist\u00f6n ongelmatilanteita, mik\u00e4 est\u00e4\u00e4 yritysten kriittisten liiketoimintaprosessien ep\u00e4onnistumista ja pit\u00e4\u00e4 yrityksen aina toiminnassa.<\/span><\/p>[\/et_pb_text][\/et_pb_column][et_pb_column type=&#8221;1_5&#8243; _builder_version=&#8221;4.4.6&#8243;][\/et_pb_column][\/et_pb_row][\/et_pb_section][et_pb_section fb_built=&#8221;1&#8243; _builder_version=&#8221;4.4.6&#8243; da_disable_devices=&#8221;off|off|off&#8221; da_is_popup=&#8221;off&#8221; da_exit_intent=&#8221;off&#8221; da_has_close=&#8221;on&#8221; da_alt_close=&#8221;off&#8221; da_dark_close=&#8221;off&#8221; da_not_modal=&#8221;on&#8221; da_is_singular=&#8221;off&#8221; da_with_loader=&#8221;off&#8221; da_has_shadow=&#8221;on&#8221;][et_pb_row _builder_version=&#8221;4.4.6&#8243;][et_pb_column type=&#8221;4_4&#8243; _builder_version=&#8221;4.4.6&#8243;][et_pb_text _builder_version=&#8221;4.9.4&#8243;]<p><span>Genese tarjoaa valvontaty\u00f6kaluja yrityksille Nagios- ja Motadata-valvontasovellusten kautta, jotka antavat tietoa yrityksen IT-ymp\u00e4rist\u00f6n ja -suorituskyvyn toimivuudesta \u2013 valvontaty\u00f6kalut ovat suunniteltu tunnistamaan ja ratkaisemaan monimutkaisia ongelmia entist\u00e4 nopeammin, jolloin kaikki yrityksen kriittiset komponentit ovat aina toiminnassa. Lis\u00e4ksi yritys kykenee tekem\u00e4\u00e4n perustellumpia p\u00e4\u00e4t\u00f6ksi\u00e4, kun valvontaty\u00f6kalu tarjoaa sille t\u00e4yden n\u00e4kym\u00e4n IT-palveluiden toimintakykyyn ja suorituskykyindikaattoreihin.<\/span><\/p>\n<p><span>Valvontaty\u00f6kalujemme avulla yrityksell\u00e4si on varmat keinot selvit\u00e4 nykyp\u00e4iv\u00e4n monimutkaistuvista liiketoiminnan ja IT-ymp\u00e4rist\u00f6n hallinnan haasteista, jolloin huolenaiheesi j\u00e4\u00e4v\u00e4t valvontaty\u00f6kalumme k\u00e4sitelt\u00e4viksi ja voit itse keskitty\u00e4 yritystoimintasi kehitt\u00e4miseen.<\/span><\/p>\n<p><span><\/span><\/p>\n<ul>\n<li>Nagios<\/li>\n<li>Motadata<\/li>\n<li>Zabbix<\/li>\n<\/ul>[\/et_pb_text][\/et_pb_column][\/et_pb_row][\/et_pb_section][et_pb_section fb_built=&#8221;1&#8243; _builder_version=&#8221;4.9.4&#8243; background_color=&#8221;rgba(0,0,0,0)&#8221; custom_padding=&#8221;0px||0px||true|false&#8221; custom_css_before=&#8221;||content: &#8221;;||position: absolute;||left: 0;||bottom: 0;||width: 100%;||background: #F2F5FC;||height: 100px;&#8221; da_disable_devices=&#8221;off|off|off&#8221; global_module=&#8221;2375&#8243; saved_tabs=&#8221;all&#8221; da_is_popup=&#8221;off&#8221; da_exit_intent=&#8221;off&#8221; da_has_close=&#8221;on&#8221; da_alt_close=&#8221;off&#8221; da_dark_close=&#8221;off&#8221; da_not_modal=&#8221;on&#8221; da_is_singular=&#8221;off&#8221; da_with_loader=&#8221;off&#8221; da_has_shadow=&#8221;on&#8221;][et_pb_row column_structure=&#8221;3_5,2_5&#8243; make_equal=&#8221;on&#8221; custom_padding_last_edited=&#8221;on|phone&#8221; _builder_version=&#8221;4.4.8&#8243; background_color=&#8221;#155a73&#8243; background_image=&#8221;https:\/\/www.genesesolution.com\/finland\/wp-content\/uploads\/sites\/2\/2020\/05\/cta-section-bg.svg&#8221; background_size=&#8221;contain&#8221; background_position=&#8221;bottom_right&#8221; custom_margin_last_edited=&#8221;off|desktop&#8221; custom_padding=&#8221;60px|50px|60px|50px|true|true&#8221; custom_padding_tablet=&#8221;&#8221; custom_padding_phone=&#8221;|20px|250px|20px|false|true&#8221; background_last_edited=&#8221;on|phone&#8221; background_image_phone=&#8221;https:\/\/www.genesesolution.com\/finland\/wp-content\/uploads\/sites\/2\/2020\/06\/join-conversation-mobile.svg&#8221; background_enable_image_phone=&#8221;on&#8221; background_size_phone=&#8221;cover&#8221; background_position_phone=&#8221;bottom_center&#8221; border_radii=&#8221;on|4px|4px|4px|4px&#8221; title_text_phone=&#8221;join-conversation-mobile&#8221;][et_pb_column type=&#8221;3_5&#8243; module_class=&#8221;v-center&#8221; _builder_version=&#8221;4.4.6&#8243;][et_pb_text _builder_version=&#8221;4.9.4&#8243; text_text_color=&#8221;#ffffff&#8221; background_layout=&#8221;dark&#8221; custom_margin=&#8221;||0px||false|false&#8221;]<h3 style=\"text-align: left;\">Muunna yrityksesi digitaalinen maisema t\u00e4n\u00e4\u00e4n<\/h3>[\/et_pb_text][et_pb_button button_url=&#8221;https:\/\/www.genesesolution.com\/finland\/contact-us&#8221; button_text=&#8221;Tulla mukaan keskusteluun&#8221; button_alignment=&#8221;left&#8221; _builder_version=&#8221;4.9.4&#8243;][\/et_pb_button][\/et_pb_column][et_pb_column type=&#8221;2_5&#8243; _builder_version=&#8221;4.4.8&#8243;][\/et_pb_column][\/et_pb_row][\/et_pb_section]\n\n","protected":false},"excerpt":{"rendered":"","protected":false},"author":1,"featured_media":0,"parent":0,"menu_order":0,"comment_status":"closed","ping_status":"closed","template":"","meta":{"_et_pb_use_builder":"on","_et_pb_old_content":"<!-- wp:divi\/placeholder \/-->","_et_gb_content_width":"","_links_to":"","_links_to_target":""},"yoast_head":"<!-- This site is optimized with the Yoast SEO plugin v16.8 - https:\/\/yoast.com\/wordpress\/plugins\/seo\/ -->\n<title>Monitoring Tool Services &amp; Softwares - Genese Solution<\/title>\n<meta name=\"description\" content=\"From Nagios &amp; motadata to Zabbix we offer Monitoring Tool Services providing operational insights into business\u2019s IT infrastructure &amp; performance.\" \/>\n<meta name=\"robots\" content=\"index, follow, max-snippet:-1, max-image-preview:large, max-video-preview:-1\" \/>\n<link rel=\"canonical\" href=\"https:\/\/www.genesesolution.com\/finland\/valvonta\/\" \/>\n<meta property=\"og:locale\" content=\"en_US\" \/>\n<meta property=\"og:type\" content=\"article\" \/>\n<meta property=\"og:title\" content=\"Monitoring Tool Services &amp; Softwares - Genese Solution\" \/>\n<meta property=\"og:description\" content=\"From Nagios &amp; motadata to Zabbix we offer Monitoring Tool Services providing operational insights into business\u2019s IT infrastructure &amp; performance.\" \/>\n<meta property=\"og:url\" content=\"https:\/\/www.genesesolution.com\/finland\/valvonta\/\" \/>\n<meta property=\"og:site_name\" content=\"Genese Solution Finland\" \/>\n<meta property=\"article:modified_time\" content=\"2021-08-04T08:45:40+00:00\" \/>\n<meta name=\"twitter:card\" content=\"summary_large_image\" \/>\n<meta name=\"twitter:label1\" content=\"Est. reading time\" \/>\n\t<meta name=\"twitter:data1\" content=\"1 minute\" \/>\n<script type=\"application\/ld+json\" class=\"yoast-schema-graph\">{\"@context\":\"https:\/\/schema.org\",\"@graph\":[{\"@type\":\"WebSite\",\"@id\":\"https:\/\/www.genesesolution.com\/finland\/#website\",\"url\":\"https:\/\/www.genesesolution.com\/finland\/\",\"name\":\"Genese Solution Finland\",\"description\":\"Creating you the best\",\"potentialAction\":[{\"@type\":\"SearchAction\",\"target\":{\"@type\":\"EntryPoint\",\"urlTemplate\":\"https:\/\/www.genesesolution.com\/finland\/?s={search_term_string}\"},\"query-input\":\"required name=search_term_string\"}],\"inLanguage\":\"en-US\"},{\"@type\":\"WebPage\",\"@id\":\"https:\/\/www.genesesolution.com\/finland\/valvonta\/#webpage\",\"url\":\"https:\/\/www.genesesolution.com\/finland\/valvonta\/\",\"name\":\"Monitoring Tool Services & Softwares - Genese Solution\",\"isPartOf\":{\"@id\":\"https:\/\/www.genesesolution.com\/finland\/#website\"},\"datePublished\":\"2020-05-26T11:42:19+00:00\",\"dateModified\":\"2021-08-04T08:45:40+00:00\",\"description\":\"From Nagios & motadata to Zabbix we offer Monitoring Tool Services providing operational insights into business\\u2019s IT infrastructure & performance.\",\"breadcrumb\":{\"@id\":\"https:\/\/www.genesesolution.com\/finland\/valvonta\/#breadcrumb\"},\"inLanguage\":\"en-US\",\"potentialAction\":[{\"@type\":\"ReadAction\",\"target\":[\"https:\/\/www.genesesolution.com\/finland\/valvonta\/\"]}]},{\"@type\":\"BreadcrumbList\",\"@id\":\"https:\/\/www.genesesolution.com\/finland\/valvonta\/#breadcrumb\",\"itemListElement\":[{\"@type\":\"ListItem\",\"position\":1,\"name\":\"Home\",\"item\":\"https:\/\/www.genesesolution.com\/finland\/\"},{\"@type\":\"ListItem\",\"position\":2,\"name\":\"Valvonta\"}]}]}<\/script>\n<!-- \/ Yoast SEO plugin. -->","yoast_head_json":{"title":"Monitoring Tool Services & Softwares - Genese Solution","description":"From Nagios & motadata to Zabbix we offer Monitoring Tool Services providing operational insights into business\u2019s IT infrastructure & performance.","robots":{"index":"index","follow":"follow","max-snippet":"max-snippet:-1","max-image-preview":"max-image-preview:large","max-video-preview":"max-video-preview:-1"},"canonical":"https:\/\/www.genesesolution.com\/finland\/valvonta\/","og_locale":"en_US","og_type":"article","og_title":"Monitoring Tool Services & Softwares - Genese Solution","og_description":"From Nagios & motadata to Zabbix we offer Monitoring Tool Services providing operational insights into business\u2019s IT infrastructure & performance.","og_url":"https:\/\/www.genesesolution.com\/finland\/valvonta\/","og_site_name":"Genese Solution Finland","article_modified_time":"2021-08-04T08:45:40+00:00","twitter_card":"summary_large_image","twitter_misc":{"Est. reading time":"1 minute"},"schema":{"@context":"https:\/\/schema.org","@graph":[{"@type":"WebSite","@id":"https:\/\/www.genesesolution.com\/finland\/#website","url":"https:\/\/www.genesesolution.com\/finland\/","name":"Genese Solution Finland","description":"Creating you the best","potentialAction":[{"@type":"SearchAction","target":{"@type":"EntryPoint","urlTemplate":"https:\/\/www.genesesolution.com\/finland\/?s={search_term_string}"},"query-input":"required name=search_term_string"}],"inLanguage":"en-US"},{"@type":"WebPage","@id":"https:\/\/www.genesesolution.com\/finland\/valvonta\/#webpage","url":"https:\/\/www.genesesolution.com\/finland\/valvonta\/","name":"Monitoring Tool Services & Softwares - Genese Solution","isPartOf":{"@id":"https:\/\/www.genesesolution.com\/finland\/#website"},"datePublished":"2020-05-26T11:42:19+00:00","dateModified":"2021-08-04T08:45:40+00:00","description":"From Nagios & motadata to Zabbix we offer Monitoring Tool Services providing operational insights into business\u2019s IT infrastructure & performance.","breadcrumb":{"@id":"https:\/\/www.genesesolution.com\/finland\/valvonta\/#breadcrumb"},"inLanguage":"en-US","potentialAction":[{"@type":"ReadAction","target":["https:\/\/www.genesesolution.com\/finland\/valvonta\/"]}]},{"@type":"BreadcrumbList","@id":"https:\/\/www.genesesolution.com\/finland\/valvonta\/#breadcrumb","itemListElement":[{"@type":"ListItem","position":1,"name":"Home","item":"https:\/\/www.genesesolution.com\/finland\/"},{"@type":"ListItem","position":2,"name":"Valvonta"}]}]}},"_links":{"self":[{"href":"https:\/\/www.genesesolution.com\/finland\/wp-json\/wp\/v2\/pages\/3486"}],"collection":[{"href":"https:\/\/www.genesesolution.com\/finland\/wp-json\/wp\/v2\/pages"}],"about":[{"href":"https:\/\/www.genesesolution.com\/finland\/wp-json\/wp\/v2\/types\/page"}],"author":[{"embeddable":true,"href":"https:\/\/www.genesesolution.com\/finland\/wp-json\/wp\/v2\/users\/1"}],"replies":[{"embeddable":true,"href":"https:\/\/www.genesesolution.com\/finland\/wp-json\/wp\/v2\/comments?post=3486"}],"version-history":[{"count":13,"href":"https:\/\/www.genesesolution.com\/finland\/wp-json\/wp\/v2\/pages\/3486\/revisions"}],"predecessor-version":[{"id":11701,"href":"https:\/\/www.genesesolution.com\/finland\/wp-json\/wp\/v2\/pages\/3486\/revisions\/11701"}],"wp:attachment":[{"href":"https:\/\/www.genesesolution.com\/finland\/wp-json\/wp\/v2\/media?parent=3486"}],"curies":[{"name":"wp","href":"https:\/\/api.w.org\/{rel}","templated":true}]}}