{"id":3534,"date":"2020-05-26T12:51:24","date_gmt":"2020-05-26T12:51:24","guid":{"rendered":"http:\/\/www.genesesolution.com\/finland\/?page_id=3534"},"modified":"2021-08-04T08:59:46","modified_gmt":"2021-08-04T08:59:46","slug":"aws-services","status":"publish","type":"page","link":"https:\/\/www.genesesolution.com\/finland\/aws-services\/","title":{"rendered":"Amazon Web Services (AWS)"},"content":{"rendered":"\n[et_pb_section fb_built=&#8221;1&#8243; custom_padding_last_edited=&#8221;on|phone&#8221; _builder_version=&#8221;4.9.4&#8243; background_color=&#8221;#155A73&#8243; background_image=&#8221;https:\/\/www.genesesolution.com\/finland\/wp-content\/uploads\/sites\/2\/2020\/06\/aws.jpg&#8221; background_position=&#8221;center_right&#8221; custom_padding_tablet=&#8221;&#8221; custom_padding_phone=&#8221;60px||0px||false|false&#8221; background_last_edited=&#8221;on|phone&#8221; background_enable_image_phone=&#8221;off&#8221; da_disable_devices=&#8221;off|off|off&#8221; da_is_popup=&#8221;off&#8221; da_exit_intent=&#8221;off&#8221; da_has_close=&#8221;on&#8221; da_alt_close=&#8221;off&#8221; da_dark_close=&#8221;off&#8221; da_not_modal=&#8221;on&#8221; da_is_singular=&#8221;off&#8221; da_with_loader=&#8221;off&#8221; da_has_shadow=&#8221;on&#8221;][et_pb_row column_structure=&#8221;1_2,1_2&#8243; _builder_version=&#8221;4.9.4&#8243;][et_pb_column type=&#8221;1_2&#8243; _builder_version=&#8221;4.4.6&#8243;][et_pb_text _builder_version=&#8221;4.9.4&#8243; header_text_color=&#8221;#383838&#8243; header_2_text_color=&#8221;#ffffff&#8221; header_3_text_color=&#8221;#ffffff&#8221; text_text_color_tablet=&#8221;&#8221; text_text_color_phone=&#8221;#FFFFFF&#8221; text_text_color_last_edited=&#8221;on|phone&#8221; header_text_color_tablet=&#8221;&#8221; header_text_color_phone=&#8221;#FFFFFF&#8221; header_text_color_last_edited=&#8221;on|phone&#8221; background_layout_tablet=&#8221;&#8221; background_layout_phone=&#8221;dark&#8221; background_layout_last_edited=&#8221;on|phone&#8221;]<h1>Amazon Web Services<br \/>(AWS)<\/h1>\n<div id=\"docs-chrome\" role=\"banner\" aria-label=\"Menu bar\" class=\"docs-material companion-enabled\" tabindex=\"0\">\n<div id=\"docs-additional-bars\">\n<div id=\"formula-bar-name-box-wrapper\" class=\"name-box-enabled formula-bar-with-name-box-wrapper\">\n<div id=\"formula-bar\" class=\"formula-bar formulabar-disabled\">\n<div id=\"t-formula-bar-input-container\">\n<div dir=\"ltr\">\n<div spellcheck=\"false\" id=\"t-formula-bar-input\">\n<div class=\"cell-input disabled-input\" role=\"combobox\" contenteditable=\"false\" docs-unhandledkeys=\"\" dir=\"ltr\" aria-autocomplete=\"list\" tabindex=\"0\">Olemme Amazon Web Servicen edistyneen\u00e4 konsulttikumppanina sitoutuneet muuttamaan asiakkaan liiketoimintaa, infrastruktuuria ja toimintamalleja hy\u00f6dynt\u00e4en yli 160 palvelua, mitk\u00e4 AWS tarjoaa eri liiketoiminta-alueille.<\/div>\n<\/div>\n<\/div>\n<\/div>\n<\/div>\n<\/div>\n<\/div>\n<\/div>\n<div class=\"docs-companion-app-switcher-container docs-material\">\n<div class=\"companion-app-switcher-container\" role=\"complementary\" aria-label=\"Side panel\">\n<div class=\"companion-app-switcher-guest-container\">\n<div class=\"companion-guest-app-switcher\" role=\"tablist\" tabindex=\"0\">\n<div id=\"gsc-gab-6\" class=\"agca-gab-button app-switcher-button agca-gab-blue\" data-guest-app-id=\"6\" role=\"tab\" aria-label=\"Calendar\" aria-disabled=\"false\" aria-selected=\"false\">\n<div class=\"app-switcher-button-icon-background app-switcher-button-icon-background-outer\"><\/div>\n<div class=\"app-switcher-button-icon-background app-switcher-button-icon-background-inner\"><\/div>\n<div class=\"app-switcher-button-icon-container\"><\/div>\n<\/div>\n<div id=\"gsc-gab-2\" class=\"agca-gab-button app-switcher-button agca-gab-yellow\" data-guest-app-id=\"2\" role=\"tab\" aria-label=\"Keep\" aria-disabled=\"false\" aria-selected=\"false\">\n<div class=\"app-switcher-button-icon-background app-switcher-button-icon-background-outer\"><\/div>\n<div class=\"app-switcher-button-icon-background app-switcher-button-icon-background-inner\"><\/div>\n<div class=\"app-switcher-button-icon-container\"><\/div>\n<\/div>\n<div id=\"gsc-gab-4\" class=\"agca-gab-button app-switcher-button agca-gab-blue\" data-guest-app-id=\"4\" role=\"tab\" aria-label=\"Tasks\" aria-disabled=\"false\" aria-selected=\"false\">\n<div class=\"app-switcher-button-icon-background app-switcher-button-icon-background-outer\"><\/div>\n<div class=\"app-switcher-button-icon-background app-switcher-button-icon-background-inner\"><\/div>\n<div class=\"app-switcher-button-icon-container\"><\/div>\n<\/div>\n<div class=\"companion-app-switcher-separator\" role=\"separator\" aria-hidden=\"false\" aria-disabled=\"true\" id=\":15b\"><\/div>\n<div class=\"agca-gab-button app-switcher-button\" role=\"tab\" aria-label=\"Get Add-ons\" aria-selected=\"false\" id=\"qJTzr\">\n<div class=\"app-switcher-button-icon-background app-switcher-button-icon-background-outer\"><\/div>\n<div class=\"app-switcher-button-icon-background app-switcher-button-icon-background-inner\"><\/div>\n<div class=\"app-switcher-button-icon-container\"><\/div>\n<\/div>\n<\/div>\n<\/div>\n<\/div>\n<div class=\"companion-collapser-button-container\">\n<div class=\"app-switcher-button companion-collapser-button\" aria-pressed=\"false\" role=\"button\" aria-label=\"Hide side panel\" tabindex=\"0\">\n<div class=\"app-switcher-button-icon-background\"><\/div>\n<div class=\"app-switcher-button-icon-container\"><\/div>\n<\/div>\n<\/div>\n<\/div>\n<div id=\"docs-editor-container\" dir=\"ltr\">\n<div id=\"docs-editor\" class=\" companion-enabled\">\n<div class=\"waffle-revisions-container\"><\/div>\n<div id=\"waffle-grid-container\" dir=\"ltr\">\n<div id=\"16036248-grid-container\" class=\"grid-container\" dir=\"ltr\">\n<div id=\"16036248-row-headers-background\" class=\"row-headers-background\"><\/div>\n<div id=\"16036248-column-headers-background\" class=\"column-headers-background\"><\/div>\n<div id=\"16036248-selected-row-headers-background\" class=\"selected-row-headers-background\"><\/div>\n<div id=\"16036248-selected-column-headers-background\" class=\"selected-column-headers-background\"><\/div>\n<div id=\"16036248-grid-table-container\">\n<div class=\"grid-table-container fixed-table-container\">\n<div class=\"grid-fixed-wrapper\" id=\"16036248-fixed\">\n<div class=\"goog-inline-block fixed4-inner-container\"><\/div>\n<div class=\"goog-inline-block fixed4-inner-container\"><\/div>\n<\/div>\n<\/div>\n<\/div>\n<\/div>\n<\/div>\n<\/div>\n<\/div>[\/et_pb_text][\/et_pb_column][et_pb_column type=&#8221;1_2&#8243; _builder_version=&#8221;4.4.6&#8243;][\/et_pb_column][\/et_pb_row][\/et_pb_section][et_pb_section fb_built=&#8221;1&#8243; _builder_version=&#8221;4.4.6&#8243; da_disable_devices=&#8221;off|off|off&#8221; da_is_popup=&#8221;off&#8221; da_exit_intent=&#8221;off&#8221; da_has_close=&#8221;on&#8221; da_alt_close=&#8221;off&#8221; da_dark_close=&#8221;off&#8221; da_not_modal=&#8221;on&#8221; da_is_singular=&#8221;off&#8221; da_with_loader=&#8221;off&#8221; da_has_shadow=&#8221;on&#8221;][et_pb_row _builder_version=&#8221;4.4.6&#8243;][et_pb_column type=&#8221;4_4&#8243; _builder_version=&#8221;4.4.6&#8243;][et_pb_text _builder_version=&#8221;4.9.4&#8243; hover_enabled=&#8221;0&#8243; sticky_enabled=&#8221;0&#8243;]<h2><span>AWS Ratkaisut<\/span><\/h2>\n<p><span data-sheets-value=\"{&quot;1&quot;:2,&quot;2&quot;:&quot;Syv\u00e4 asiantuntemuksemme ja automatisoitujen suunnitelmiemme sek\u00e4 prosessien avulla, tarjoamme sinulle nopeimman ajan AWS: n hy\u00f6dynt\u00e4miseen riippumatta siit\u00e4, siirret\u00e4\u00e4nk\u00f6 sinut ensimm\u00e4ist\u00e4 kertaa AWS: \u00e4\u00e4n. Tarjoamme AWS-ymp\u00e4rist\u00f6idesi operatiivisen hallinnan 24h\/7 tai hy\u00f6dynn\u00e4mme AWS-ratkaisujasi liiketoiminnan arvoa automaation ja analytiikan avulla. Meid\u00e4n Amazon Web Service tiimimme on saanut useita sertifikaatteja ja kokemuksemme ulottuu koko AWS ekosysteemiin. Saat meilt\u00e4 alan lahjakkaimmat ty\u00f6ntekij\u00e4t kehitt\u00e4m\u00e4\u00e4n ja hienos\u00e4\u00e4t\u00e4\u00e4m\u00e4\u00e4n pilvistrategiaasi.&quot;}\" data-sheets-userformat=\"{&quot;2&quot;:2877,&quot;3&quot;:{&quot;1&quot;:0},&quot;5&quot;:{&quot;1&quot;:[{&quot;1&quot;:2,&quot;2&quot;:0,&quot;5&quot;:{&quot;1&quot;:2,&quot;2&quot;:0}},{&quot;1&quot;:0,&quot;2&quot;:0,&quot;3&quot;:3},{&quot;1&quot;:1,&quot;2&quot;:0,&quot;4&quot;:1}]},&quot;6&quot;:{&quot;1&quot;:[{&quot;1&quot;:2,&quot;2&quot;:0,&quot;5&quot;:{&quot;1&quot;:2,&quot;2&quot;:0}},{&quot;1&quot;:0,&quot;2&quot;:0,&quot;3&quot;:3},{&quot;1&quot;:1,&quot;2&quot;:0,&quot;4&quot;:1}]},&quot;7&quot;:{&quot;1&quot;:[{&quot;1&quot;:2,&quot;2&quot;:0,&quot;5&quot;:{&quot;1&quot;:2,&quot;2&quot;:0}},{&quot;1&quot;:0,&quot;2&quot;:0,&quot;3&quot;:3},{&quot;1&quot;:1,&quot;2&quot;:0,&quot;4&quot;:1}]},&quot;8&quot;:{&quot;1&quot;:[{&quot;1&quot;:2,&quot;2&quot;:0,&quot;5&quot;:{&quot;1&quot;:2,&quot;2&quot;:0}},{&quot;1&quot;:0,&quot;2&quot;:0,&quot;3&quot;:3},{&quot;1&quot;:1,&quot;2&quot;:0,&quot;4&quot;:1}]},&quot;11&quot;:4,&quot;12&quot;:0,&quot;14&quot;:{&quot;1&quot;:2,&quot;2&quot;:4539717}}\">Syv\u00e4 asiantuntemuksemme ja automatisoitujen suunnitelmiemme sek\u00e4 prosessien avulla, tarjoamme sinulle nopeimman ajan AWS: n hy\u00f6dynt\u00e4miseen riippumatta siit\u00e4, siirret\u00e4\u00e4nk\u00f6 sinut ensimm\u00e4ist\u00e4 kertaa Amazon Web Serviceen. Tarjoamme AWS-ymp\u00e4rist\u00f6idesi operatiivisen hallinnan 24h\/7 tai hy\u00f6dynn\u00e4mme AWS-ratkaisujasi liiketoiminnan arvoa automaation ja analytiikan avulla. Meid\u00e4n Amazon Web Service tiimimme on saanut useita sertifikaatteja ja kokemuksemme ulottuu koko AWS ekosysteemiin. Saat meilt\u00e4 alan lahjakkaimmat ty\u00f6ntekij\u00e4t kehitt\u00e4m\u00e4\u00e4n ja hienos\u00e4\u00e4t\u00e4\u00e4m\u00e4\u00e4n pilvistrategiaasi.<\/span><\/p>\n<p><strong>AWS Palvelumme<\/strong><\/p>\n<ul>\n<li><span>Meid\u00e4n AWS palvelut\u00a0<\/span><\/li>\n<li><span> Start Up Aloituspaketti\u00a0<\/span><\/li>\n<li><span>Ammatilliset palvelut<\/span><\/li>\n<li><span> Tukipalvelut<\/span><\/li>\n<li><span>Migraatioratkaisut<\/span><\/li>\n<li><span>Hallittu tuki<\/span><\/li>\n<li><span> Kustannusten tarkastus<\/span><\/li>\n<li><span>Tietoturvatestaus<\/span><\/li>\n<\/ul>[\/et_pb_text][\/et_pb_column][\/et_pb_row][\/et_pb_section][et_pb_section fb_built=&#8221;1&#8243; _builder_version=&#8221;4.9.4&#8243; background_color=&#8221;rgba(0,0,0,0)&#8221; custom_padding=&#8221;0px||0px||true|false&#8221; custom_css_before=&#8221;||content: &#8221;;||position: absolute;||left: 0;||bottom: 0;||width: 100%;||background: #F2F5FC;||height: 100px;&#8221; da_disable_devices=&#8221;off|off|off&#8221; global_module=&#8221;2375&#8243; saved_tabs=&#8221;all&#8221; da_is_popup=&#8221;off&#8221; da_exit_intent=&#8221;off&#8221; da_has_close=&#8221;on&#8221; da_alt_close=&#8221;off&#8221; da_dark_close=&#8221;off&#8221; da_not_modal=&#8221;on&#8221; da_is_singular=&#8221;off&#8221; da_with_loader=&#8221;off&#8221; da_has_shadow=&#8221;on&#8221;][et_pb_row column_structure=&#8221;3_5,2_5&#8243; make_equal=&#8221;on&#8221; custom_padding_last_edited=&#8221;on|phone&#8221; _builder_version=&#8221;4.4.8&#8243; background_color=&#8221;#155a73&#8243; background_image=&#8221;https:\/\/www.genesesolution.com\/finland\/wp-content\/uploads\/sites\/2\/2020\/05\/cta-section-bg.svg&#8221; background_size=&#8221;contain&#8221; background_position=&#8221;bottom_right&#8221; custom_margin_last_edited=&#8221;off|desktop&#8221; custom_padding=&#8221;60px|50px|60px|50px|true|true&#8221; custom_padding_tablet=&#8221;&#8221; custom_padding_phone=&#8221;|20px|250px|20px|false|true&#8221; background_last_edited=&#8221;on|phone&#8221; background_image_phone=&#8221;https:\/\/www.genesesolution.com\/finland\/wp-content\/uploads\/sites\/2\/2020\/06\/join-conversation-mobile.svg&#8221; background_enable_image_phone=&#8221;on&#8221; background_size_phone=&#8221;cover&#8221; background_position_phone=&#8221;bottom_center&#8221; border_radii=&#8221;on|4px|4px|4px|4px&#8221; title_text_phone=&#8221;join-conversation-mobile&#8221;][et_pb_column type=&#8221;3_5&#8243; module_class=&#8221;v-center&#8221; _builder_version=&#8221;4.4.6&#8243;][et_pb_text _builder_version=&#8221;4.9.4&#8243; text_text_color=&#8221;#ffffff&#8221; background_layout=&#8221;dark&#8221; custom_margin=&#8221;||0px||false|false&#8221;]<h3 style=\"text-align: left;\">Muunna yrityksesi digitaalinen maisema t\u00e4n\u00e4\u00e4n<\/h3>[\/et_pb_text][et_pb_button button_url=&#8221;https:\/\/www.genesesolution.com\/finland\/contact-us&#8221; button_text=&#8221;Keskustele kanssamme&#8221; button_alignment=&#8221;left&#8221; _builder_version=&#8221;4.9.4&#8243;][\/et_pb_button][\/et_pb_column][et_pb_column type=&#8221;2_5&#8243; _builder_version=&#8221;4.4.8&#8243;][\/et_pb_column][\/et_pb_row][\/et_pb_section]\n","protected":false},"excerpt":{"rendered":"","protected":false},"author":1,"featured_media":0,"parent":0,"menu_order":0,"comment_status":"closed","ping_status":"closed","template":"","meta":{"_et_pb_use_builder":"on","_et_pb_old_content":"<!-- wp:divi\/placeholder \/-->","_et_gb_content_width":"","_links_to":"","_links_to_target":""},"yoast_head":"<!-- This site is optimized with the Yoast SEO plugin v16.8 - https:\/\/yoast.com\/wordpress\/plugins\/seo\/ -->\n<title>AWS Cloud services | Managed AWS Provider -Genese Solution<\/title>\n<meta name=\"description\" content=\"As an AWS managed service provider, our AWS cloud services offer scalable, reliable &amp; secure cloud computing solutions. Get a FREE consultation!\" \/>\n<meta name=\"robots\" content=\"index, follow, max-snippet:-1, max-image-preview:large, max-video-preview:-1\" \/>\n<link rel=\"canonical\" href=\"https:\/\/www.genesesolution.com\/finland\/aws-services\/\" \/>\n<meta property=\"og:locale\" content=\"en_US\" \/>\n<meta property=\"og:type\" content=\"article\" \/>\n<meta property=\"og:title\" content=\"AWS Cloud services | Managed AWS Provider -Genese Solution\" \/>\n<meta property=\"og:description\" content=\"As an AWS managed service provider, our AWS cloud services offer scalable, reliable &amp; secure cloud computing solutions. Get a FREE consultation!\" \/>\n<meta property=\"og:url\" content=\"https:\/\/www.genesesolution.com\/finland\/aws-services\/\" \/>\n<meta property=\"og:site_name\" content=\"Genese Solution Finland\" \/>\n<meta property=\"article:modified_time\" content=\"2021-08-04T08:59:46+00:00\" \/>\n<meta name=\"twitter:card\" content=\"summary_large_image\" \/>\n<meta name=\"twitter:label1\" content=\"Est. reading time\" \/>\n\t<meta name=\"twitter:data1\" content=\"2 minutes\" \/>\n<script type=\"application\/ld+json\" class=\"yoast-schema-graph\">{\"@context\":\"https:\/\/schema.org\",\"@graph\":[{\"@type\":\"WebSite\",\"@id\":\"https:\/\/www.genesesolution.com\/finland\/#website\",\"url\":\"https:\/\/www.genesesolution.com\/finland\/\",\"name\":\"Genese Solution Finland\",\"description\":\"Creating you the best\",\"potentialAction\":[{\"@type\":\"SearchAction\",\"target\":{\"@type\":\"EntryPoint\",\"urlTemplate\":\"https:\/\/www.genesesolution.com\/finland\/?s={search_term_string}\"},\"query-input\":\"required name=search_term_string\"}],\"inLanguage\":\"en-US\"},{\"@type\":\"WebPage\",\"@id\":\"https:\/\/www.genesesolution.com\/finland\/aws-services\/#webpage\",\"url\":\"https:\/\/www.genesesolution.com\/finland\/aws-services\/\",\"name\":\"AWS Cloud services | Managed AWS Provider -Genese Solution\",\"isPartOf\":{\"@id\":\"https:\/\/www.genesesolution.com\/finland\/#website\"},\"datePublished\":\"2020-05-26T12:51:24+00:00\",\"dateModified\":\"2021-08-04T08:59:46+00:00\",\"description\":\"As an AWS managed service provider, our AWS cloud services offer scalable, reliable & secure cloud computing solutions. Get a FREE consultation!\",\"breadcrumb\":{\"@id\":\"https:\/\/www.genesesolution.com\/finland\/aws-services\/#breadcrumb\"},\"inLanguage\":\"en-US\",\"potentialAction\":[{\"@type\":\"ReadAction\",\"target\":[\"https:\/\/www.genesesolution.com\/finland\/aws-services\/\"]}]},{\"@type\":\"BreadcrumbList\",\"@id\":\"https:\/\/www.genesesolution.com\/finland\/aws-services\/#breadcrumb\",\"itemListElement\":[{\"@type\":\"ListItem\",\"position\":1,\"name\":\"Home\",\"item\":\"https:\/\/www.genesesolution.com\/finland\/\"},{\"@type\":\"ListItem\",\"position\":2,\"name\":\"Amazon Web Services (AWS)\"}]}]}<\/script>\n<!-- \/ Yoast SEO plugin. -->","yoast_head_json":{"title":"AWS Cloud services | Managed AWS Provider -Genese Solution","description":"As an AWS managed service provider, our AWS cloud services offer scalable, reliable & secure cloud computing solutions. Get a FREE consultation!","robots":{"index":"index","follow":"follow","max-snippet":"max-snippet:-1","max-image-preview":"max-image-preview:large","max-video-preview":"max-video-preview:-1"},"canonical":"https:\/\/www.genesesolution.com\/finland\/aws-services\/","og_locale":"en_US","og_type":"article","og_title":"AWS Cloud services | Managed AWS Provider -Genese Solution","og_description":"As an AWS managed service provider, our AWS cloud services offer scalable, reliable & secure cloud computing solutions. Get a FREE consultation!","og_url":"https:\/\/www.genesesolution.com\/finland\/aws-services\/","og_site_name":"Genese Solution Finland","article_modified_time":"2021-08-04T08:59:46+00:00","twitter_card":"summary_large_image","twitter_misc":{"Est. reading time":"2 minutes"},"schema":{"@context":"https:\/\/schema.org","@graph":[{"@type":"WebSite","@id":"https:\/\/www.genesesolution.com\/finland\/#website","url":"https:\/\/www.genesesolution.com\/finland\/","name":"Genese Solution Finland","description":"Creating you the best","potentialAction":[{"@type":"SearchAction","target":{"@type":"EntryPoint","urlTemplate":"https:\/\/www.genesesolution.com\/finland\/?s={search_term_string}"},"query-input":"required name=search_term_string"}],"inLanguage":"en-US"},{"@type":"WebPage","@id":"https:\/\/www.genesesolution.com\/finland\/aws-services\/#webpage","url":"https:\/\/www.genesesolution.com\/finland\/aws-services\/","name":"AWS Cloud services | Managed AWS Provider -Genese Solution","isPartOf":{"@id":"https:\/\/www.genesesolution.com\/finland\/#website"},"datePublished":"2020-05-26T12:51:24+00:00","dateModified":"2021-08-04T08:59:46+00:00","description":"As an AWS managed service provider, our AWS cloud services offer scalable, reliable & secure cloud computing solutions. Get a FREE consultation!","breadcrumb":{"@id":"https:\/\/www.genesesolution.com\/finland\/aws-services\/#breadcrumb"},"inLanguage":"en-US","potentialAction":[{"@type":"ReadAction","target":["https:\/\/www.genesesolution.com\/finland\/aws-services\/"]}]},{"@type":"BreadcrumbList","@id":"https:\/\/www.genesesolution.com\/finland\/aws-services\/#breadcrumb","itemListElement":[{"@type":"ListItem","position":1,"name":"Home","item":"https:\/\/www.genesesolution.com\/finland\/"},{"@type":"ListItem","position":2,"name":"Amazon Web Services (AWS)"}]}]}},"_links":{"self":[{"href":"https:\/\/www.genesesolution.com\/finland\/wp-json\/wp\/v2\/pages\/3534"}],"collection":[{"href":"https:\/\/www.genesesolution.com\/finland\/wp-json\/wp\/v2\/pages"}],"about":[{"href":"https:\/\/www.genesesolution.com\/finland\/wp-json\/wp\/v2\/types\/page"}],"author":[{"embeddable":true,"href":"https:\/\/www.genesesolution.com\/finland\/wp-json\/wp\/v2\/users\/1"}],"replies":[{"embeddable":true,"href":"https:\/\/www.genesesolution.com\/finland\/wp-json\/wp\/v2\/comments?post=3534"}],"version-history":[{"count":17,"href":"https:\/\/www.genesesolution.com\/finland\/wp-json\/wp\/v2\/pages\/3534\/revisions"}],"predecessor-version":[{"id":11780,"href":"https:\/\/www.genesesolution.com\/finland\/wp-json\/wp\/v2\/pages\/3534\/revisions\/11780"}],"wp:attachment":[{"href":"https:\/\/www.genesesolution.com\/finland\/wp-json\/wp\/v2\/media?parent=3534"}],"curies":[{"name":"wp","href":"https:\/\/api.w.org\/{rel}","templated":true}]}}