{"id":3539,"date":"2020-05-26T12:52:25","date_gmt":"2020-05-26T12:52:25","guid":{"rendered":"http:\/\/www.genesesolution.com\/finland\/?page_id=3539"},"modified":"2021-08-04T09:13:33","modified_gmt":"2021-08-04T09:13:33","slug":"google","status":"publish","type":"page","link":"https:\/\/www.genesesolution.com\/finland\/google\/","title":{"rendered":"Google"},"content":{"rendered":"\n[et_pb_section fb_built=&#8221;1&#8243; _builder_version=&#8221;4.4.6&#8243; background_color=&#8221;#f2f5fc&#8221; da_is_popup=&#8221;off&#8221; da_exit_intent=&#8221;off&#8221; da_has_close=&#8221;on&#8221; da_alt_close=&#8221;off&#8221; da_dark_close=&#8221;off&#8221; da_not_modal=&#8221;on&#8221; da_is_singular=&#8221;off&#8221; da_with_loader=&#8221;off&#8221; da_has_shadow=&#8221;on&#8221; da_disable_devices=&#8221;off|off|off&#8221;][et_pb_row column_structure=&#8221;1_5,3_5,1_5&#8243; _builder_version=&#8221;4.4.6&#8243;][et_pb_column type=&#8221;1_5&#8243; _builder_version=&#8221;4.4.6&#8243;][\/et_pb_column][et_pb_column type=&#8221;3_5&#8243; _builder_version=&#8221;4.4.6&#8243;][et_pb_text _builder_version=&#8221;4.9.4&#8243; hover_enabled=&#8221;0&#8243; sticky_enabled=&#8221;0&#8243;]<h6 style=\"text-align: center;\"><span data-sheets-value=\"{&quot;1&quot;:2,&quot;2&quot;:&quot;Ohjelmisto&quot;}\" data-sheets-userformat=\"{&quot;2&quot;:573,&quot;3&quot;:{&quot;1&quot;:0},&quot;5&quot;:{&quot;1&quot;:[{&quot;1&quot;:2,&quot;2&quot;:0,&quot;5&quot;:[null,2,0]},{&quot;1&quot;:0,&quot;2&quot;:0,&quot;3&quot;:3},{&quot;1&quot;:1,&quot;2&quot;:0,&quot;4&quot;:1}]},&quot;6&quot;:{&quot;1&quot;:[{&quot;1&quot;:2,&quot;2&quot;:0,&quot;5&quot;:[null,2,0]},{&quot;1&quot;:0,&quot;2&quot;:0,&quot;3&quot;:3},{&quot;1&quot;:1,&quot;2&quot;:0,&quot;4&quot;:1}]},&quot;7&quot;:{&quot;1&quot;:[{&quot;1&quot;:2,&quot;2&quot;:0,&quot;5&quot;:[null,2,0]},{&quot;1&quot;:0,&quot;2&quot;:0,&quot;3&quot;:3},{&quot;1&quot;:1,&quot;2&quot;:0,&quot;4&quot;:1}]},&quot;8&quot;:{&quot;1&quot;:[{&quot;1&quot;:2,&quot;2&quot;:0,&quot;5&quot;:[null,2,0]},{&quot;1&quot;:0,&quot;2&quot;:0,&quot;3&quot;:3},{&quot;1&quot;:1,&quot;2&quot;:0,&quot;4&quot;:1}]},&quot;12&quot;:0}\">Ohjelmisto<\/span><\/h6>\n<h3 style=\"text-align: center;\"><span data-sheets-value=\"{&quot;1&quot;:2,&quot;2&quot;:&quot;Google&quot;}\" data-sheets-userformat=\"{&quot;2&quot;:573,&quot;3&quot;:{&quot;1&quot;:0},&quot;5&quot;:{&quot;1&quot;:[{&quot;1&quot;:2,&quot;2&quot;:0,&quot;5&quot;:[null,2,0]},{&quot;1&quot;:0,&quot;2&quot;:0,&quot;3&quot;:3},{&quot;1&quot;:1,&quot;2&quot;:0,&quot;4&quot;:1}]},&quot;6&quot;:{&quot;1&quot;:[{&quot;1&quot;:2,&quot;2&quot;:0,&quot;5&quot;:[null,2,0]},{&quot;1&quot;:0,&quot;2&quot;:0,&quot;3&quot;:3},{&quot;1&quot;:1,&quot;2&quot;:0,&quot;4&quot;:1}]},&quot;7&quot;:{&quot;1&quot;:[{&quot;1&quot;:2,&quot;2&quot;:0,&quot;5&quot;:[null,2,0]},{&quot;1&quot;:0,&quot;2&quot;:0,&quot;3&quot;:3},{&quot;1&quot;:1,&quot;2&quot;:0,&quot;4&quot;:1}]},&quot;8&quot;:{&quot;1&quot;:[{&quot;1&quot;:2,&quot;2&quot;:0,&quot;5&quot;:[null,2,0]},{&quot;1&quot;:0,&quot;2&quot;:0,&quot;3&quot;:3},{&quot;1&quot;:1,&quot;2&quot;:0,&quot;4&quot;:1}]},&quot;12&quot;:0}\">Google<\/span><\/h3>\n<p style=\"text-align: center;\"><span data-sheets-value=\"{&quot;1&quot;:2,&quot;2&quot;:&quot;Valtuutettuna Google Partnerina, toimitamme useita palveluita kuten GCP, Gsuite, Google Ads, Google Maps ja Play Storen.&quot;}\" data-sheets-userformat=\"{&quot;2&quot;:829,&quot;3&quot;:{&quot;1&quot;:0},&quot;5&quot;:{&quot;1&quot;:[{&quot;1&quot;:2,&quot;2&quot;:0,&quot;5&quot;:[null,2,0]},{&quot;1&quot;:0,&quot;2&quot;:0,&quot;3&quot;:3},{&quot;1&quot;:1,&quot;2&quot;:0,&quot;4&quot;:1}]},&quot;6&quot;:{&quot;1&quot;:[{&quot;1&quot;:2,&quot;2&quot;:0,&quot;5&quot;:[null,2,0]},{&quot;1&quot;:0,&quot;2&quot;:0,&quot;3&quot;:3},{&quot;1&quot;:1,&quot;2&quot;:0,&quot;4&quot;:1}]},&quot;7&quot;:{&quot;1&quot;:[{&quot;1&quot;:2,&quot;2&quot;:0,&quot;5&quot;:[null,2,0]},{&quot;1&quot;:0,&quot;2&quot;:0,&quot;3&quot;:3},{&quot;1&quot;:1,&quot;2&quot;:0,&quot;4&quot;:1}]},&quot;8&quot;:{&quot;1&quot;:[{&quot;1&quot;:2,&quot;2&quot;:0,&quot;5&quot;:[null,2,0]},{&quot;1&quot;:0,&quot;2&quot;:0,&quot;3&quot;:3},{&quot;1&quot;:1,&quot;2&quot;:0,&quot;4&quot;:1}]},&quot;11&quot;:4,&quot;12&quot;:0}\">Valtuutettuna Google Partnerina, toimitamme useita palveluita kuten GCP, Gsuite, Google Ads, Google Maps ja Play Storen.<\/span><\/p>[\/et_pb_text][\/et_pb_column][et_pb_column type=&#8221;1_5&#8243; _builder_version=&#8221;4.4.6&#8243;][\/et_pb_column][\/et_pb_row][\/et_pb_section][et_pb_section fb_built=&#8221;1&#8243; _builder_version=&#8221;4.4.6&#8243; da_is_popup=&#8221;off&#8221; da_exit_intent=&#8221;off&#8221; da_has_close=&#8221;on&#8221; da_alt_close=&#8221;off&#8221; da_dark_close=&#8221;off&#8221; da_not_modal=&#8221;on&#8221; da_is_singular=&#8221;off&#8221; da_with_loader=&#8221;off&#8221; da_has_shadow=&#8221;on&#8221; da_disable_devices=&#8221;off|off|off&#8221;][et_pb_row _builder_version=&#8221;4.4.6&#8243;][et_pb_column type=&#8221;4_4&#8243; _builder_version=&#8221;4.4.6&#8243;][et_pb_text _builder_version=&#8221;4.9.4&#8243; hover_enabled=&#8221;0&#8243; sticky_enabled=&#8221;0&#8243;]<p><span data-sheets-value=\"{&quot;1&quot;:2,&quot;2&quot;:&quot;Sertifioidut GCP asiantuntijamme ovat taitavia pilvi-infrastruktuurissa ja tarjoavat luokkansa parhaat palvelut, jotka tuottavat arvoa asiakkaille heid\u00e4n toteuksensa ja neuvonnansa avulla. My\u00f6s muut Google-tiimiss\u00e4mme varmistavat arvon yrityksellesi tarjoamiemme Google-ty\u00f6kalujen avulla.&quot;}\" data-sheets-userformat=\"{&quot;2&quot;:829,&quot;3&quot;:{&quot;1&quot;:0},&quot;5&quot;:{&quot;1&quot;:[{&quot;1&quot;:2,&quot;2&quot;:0,&quot;5&quot;:[null,2,0]},{&quot;1&quot;:0,&quot;2&quot;:0,&quot;3&quot;:3},{&quot;1&quot;:1,&quot;2&quot;:0,&quot;4&quot;:1}]},&quot;6&quot;:{&quot;1&quot;:[{&quot;1&quot;:2,&quot;2&quot;:0,&quot;5&quot;:[null,2,0]},{&quot;1&quot;:0,&quot;2&quot;:0,&quot;3&quot;:3},{&quot;1&quot;:1,&quot;2&quot;:0,&quot;4&quot;:1}]},&quot;7&quot;:{&quot;1&quot;:[{&quot;1&quot;:2,&quot;2&quot;:0,&quot;5&quot;:[null,2,0]},{&quot;1&quot;:0,&quot;2&quot;:0,&quot;3&quot;:3},{&quot;1&quot;:1,&quot;2&quot;:0,&quot;4&quot;:1}]},&quot;8&quot;:{&quot;1&quot;:[{&quot;1&quot;:2,&quot;2&quot;:0,&quot;5&quot;:[null,2,0]},{&quot;1&quot;:0,&quot;2&quot;:0,&quot;3&quot;:3},{&quot;1&quot;:1,&quot;2&quot;:0,&quot;4&quot;:1}]},&quot;11&quot;:4,&quot;12&quot;:0}\">Sertifioidut GCP asiantuntijamme ovat taitavia pilvi-infrastruktuurissa ja tarjoavat luokkansa parhaat palvelut, jotka tuottavat arvoa asiakkaille heid\u00e4n toteuksensa ja neuvonnansa avulla. My\u00f6s muut Google-tiimiss\u00e4mme varmistavat arvon yrityksellesi tarjoamiemme Google-ty\u00f6kalujen avulla.<\/span><\/p>\n<p><strong><span>Palvelumme kattavat<\/span>:\u00a0<\/strong><\/p>\n<ul>\n<li>GCP<\/li>\n<li>G Suite<\/li>\n<li>Google Ads<\/li>\n<li>Google Maps<\/li>\n<li>Play Store<\/li>\n<\/ul>[\/et_pb_text][\/et_pb_column][\/et_pb_row][\/et_pb_section][et_pb_section fb_built=&#8221;1&#8243; _builder_version=&#8221;4.9.4&#8243; background_color=&#8221;rgba(0,0,0,0)&#8221; custom_padding=&#8221;0px||0px||true|false&#8221; custom_css_before=&#8221;||content: &#8221;;||position: absolute;||left: 0;||bottom: 0;||width: 100%;||background: #F2F5FC;||height: 100px;&#8221; da_disable_devices=&#8221;off|off|off&#8221; global_module=&#8221;2375&#8243; saved_tabs=&#8221;all&#8221; da_is_popup=&#8221;off&#8221; da_exit_intent=&#8221;off&#8221; da_has_close=&#8221;on&#8221; da_alt_close=&#8221;off&#8221; da_dark_close=&#8221;off&#8221; da_not_modal=&#8221;on&#8221; da_is_singular=&#8221;off&#8221; da_with_loader=&#8221;off&#8221; da_has_shadow=&#8221;on&#8221;][et_pb_row column_structure=&#8221;3_5,2_5&#8243; make_equal=&#8221;on&#8221; custom_padding_last_edited=&#8221;on|phone&#8221; _builder_version=&#8221;4.4.8&#8243; background_color=&#8221;#155a73&#8243; background_image=&#8221;https:\/\/www.genesesolution.com\/finland\/wp-content\/uploads\/sites\/2\/2020\/05\/cta-section-bg.svg&#8221; background_size=&#8221;contain&#8221; background_position=&#8221;bottom_right&#8221; custom_margin_last_edited=&#8221;off|desktop&#8221; custom_padding=&#8221;60px|50px|60px|50px|true|true&#8221; custom_padding_tablet=&#8221;&#8221; custom_padding_phone=&#8221;|20px|250px|20px|false|true&#8221; background_last_edited=&#8221;on|phone&#8221; background_image_phone=&#8221;https:\/\/www.genesesolution.com\/finland\/wp-content\/uploads\/sites\/2\/2020\/06\/join-conversation-mobile.svg&#8221; background_enable_image_phone=&#8221;on&#8221; background_size_phone=&#8221;cover&#8221; background_position_phone=&#8221;bottom_center&#8221; border_radii=&#8221;on|4px|4px|4px|4px&#8221; title_text_phone=&#8221;join-conversation-mobile&#8221;][et_pb_column type=&#8221;3_5&#8243; module_class=&#8221;v-center&#8221; _builder_version=&#8221;4.4.6&#8243;][et_pb_text _builder_version=&#8221;4.9.4&#8243; text_text_color=&#8221;#ffffff&#8221; background_layout=&#8221;dark&#8221; custom_margin=&#8221;||0px||false|false&#8221;]<h3 style=\"text-align: left;\">Muunna yrityksesi digitaalinen maisema t\u00e4n\u00e4\u00e4n<\/h3>[\/et_pb_text][et_pb_button button_url=&#8221;https:\/\/www.genesesolution.com\/finland\/contact-us&#8221; button_text=&#8221;Keskustele kanssamme&#8221; button_alignment=&#8221;left&#8221; _builder_version=&#8221;4.9.4&#8243;][\/et_pb_button][\/et_pb_column][et_pb_column type=&#8221;2_5&#8243; _builder_version=&#8221;4.4.8&#8243;][\/et_pb_column][\/et_pb_row][\/et_pb_section]\n","protected":false},"excerpt":{"rendered":"","protected":false},"author":1,"featured_media":0,"parent":0,"menu_order":0,"comment_status":"closed","ping_status":"closed","template":"","meta":{"_et_pb_use_builder":"on","_et_pb_old_content":"<!-- wp:divi\/placeholder \/-->","_et_gb_content_width":"","_links_to":"","_links_to_target":""},"yoast_head":"<!-- This site is optimized with the Yoast SEO plugin v16.8 - https:\/\/yoast.com\/wordpress\/plugins\/seo\/ -->\n<title>Google Partner | Authorized G Suite Reseller-Genese Solution<\/title>\n<meta name=\"description\" content=\"As an authorized Google partner, get a secure business solution from trusted specialists. Services Include GCP, G Suite, Google Ads, Google Maps &amp; more. Get Quote!\" \/>\n<meta name=\"robots\" content=\"index, follow, max-snippet:-1, max-image-preview:large, max-video-preview:-1\" \/>\n<link rel=\"canonical\" href=\"https:\/\/www.genesesolution.com\/finland\/google\/\" \/>\n<meta property=\"og:locale\" content=\"en_US\" \/>\n<meta property=\"og:type\" content=\"article\" \/>\n<meta property=\"og:title\" content=\"Google Partner | Authorized G Suite Reseller-Genese Solution\" \/>\n<meta property=\"og:description\" content=\"As an authorized Google partner, get a secure business solution from trusted specialists. Services Include GCP, G Suite, Google Ads, Google Maps &amp; more. Get Quote!\" \/>\n<meta property=\"og:url\" content=\"https:\/\/www.genesesolution.com\/finland\/google\/\" \/>\n<meta property=\"og:site_name\" content=\"Genese Solution Finland\" \/>\n<meta property=\"article:modified_time\" content=\"2021-08-04T09:13:33+00:00\" \/>\n<meta name=\"twitter:card\" content=\"summary_large_image\" \/>\n<meta name=\"twitter:label1\" content=\"Est. reading time\" \/>\n\t<meta name=\"twitter:data1\" content=\"1 minute\" \/>\n<script type=\"application\/ld+json\" class=\"yoast-schema-graph\">{\"@context\":\"https:\/\/schema.org\",\"@graph\":[{\"@type\":\"WebSite\",\"@id\":\"https:\/\/www.genesesolution.com\/finland\/#website\",\"url\":\"https:\/\/www.genesesolution.com\/finland\/\",\"name\":\"Genese Solution Finland\",\"description\":\"Creating you the best\",\"potentialAction\":[{\"@type\":\"SearchAction\",\"target\":{\"@type\":\"EntryPoint\",\"urlTemplate\":\"https:\/\/www.genesesolution.com\/finland\/?s={search_term_string}\"},\"query-input\":\"required name=search_term_string\"}],\"inLanguage\":\"en-US\"},{\"@type\":\"WebPage\",\"@id\":\"https:\/\/www.genesesolution.com\/finland\/google\/#webpage\",\"url\":\"https:\/\/www.genesesolution.com\/finland\/google\/\",\"name\":\"Google Partner | Authorized G Suite Reseller-Genese Solution\",\"isPartOf\":{\"@id\":\"https:\/\/www.genesesolution.com\/finland\/#website\"},\"datePublished\":\"2020-05-26T12:52:25+00:00\",\"dateModified\":\"2021-08-04T09:13:33+00:00\",\"description\":\"As an authorized Google partner, get a secure business solution from trusted specialists. Services Include GCP, G Suite, Google Ads, Google Maps & more. Get Quote!\",\"breadcrumb\":{\"@id\":\"https:\/\/www.genesesolution.com\/finland\/google\/#breadcrumb\"},\"inLanguage\":\"en-US\",\"potentialAction\":[{\"@type\":\"ReadAction\",\"target\":[\"https:\/\/www.genesesolution.com\/finland\/google\/\"]}]},{\"@type\":\"BreadcrumbList\",\"@id\":\"https:\/\/www.genesesolution.com\/finland\/google\/#breadcrumb\",\"itemListElement\":[{\"@type\":\"ListItem\",\"position\":1,\"name\":\"Home\",\"item\":\"https:\/\/www.genesesolution.com\/finland\/\"},{\"@type\":\"ListItem\",\"position\":2,\"name\":\"Google\"}]}]}<\/script>\n<!-- \/ Yoast SEO plugin. -->","yoast_head_json":{"title":"Google Partner | Authorized G Suite Reseller-Genese Solution","description":"As an authorized Google partner, get a secure business solution from trusted specialists. Services Include GCP, G Suite, Google Ads, Google Maps & more. Get Quote!","robots":{"index":"index","follow":"follow","max-snippet":"max-snippet:-1","max-image-preview":"max-image-preview:large","max-video-preview":"max-video-preview:-1"},"canonical":"https:\/\/www.genesesolution.com\/finland\/google\/","og_locale":"en_US","og_type":"article","og_title":"Google Partner | Authorized G Suite Reseller-Genese Solution","og_description":"As an authorized Google partner, get a secure business solution from trusted specialists. Services Include GCP, G Suite, Google Ads, Google Maps & more. Get Quote!","og_url":"https:\/\/www.genesesolution.com\/finland\/google\/","og_site_name":"Genese Solution Finland","article_modified_time":"2021-08-04T09:13:33+00:00","twitter_card":"summary_large_image","twitter_misc":{"Est. reading time":"1 minute"},"schema":{"@context":"https:\/\/schema.org","@graph":[{"@type":"WebSite","@id":"https:\/\/www.genesesolution.com\/finland\/#website","url":"https:\/\/www.genesesolution.com\/finland\/","name":"Genese Solution Finland","description":"Creating you the best","potentialAction":[{"@type":"SearchAction","target":{"@type":"EntryPoint","urlTemplate":"https:\/\/www.genesesolution.com\/finland\/?s={search_term_string}"},"query-input":"required name=search_term_string"}],"inLanguage":"en-US"},{"@type":"WebPage","@id":"https:\/\/www.genesesolution.com\/finland\/google\/#webpage","url":"https:\/\/www.genesesolution.com\/finland\/google\/","name":"Google Partner | Authorized G Suite Reseller-Genese Solution","isPartOf":{"@id":"https:\/\/www.genesesolution.com\/finland\/#website"},"datePublished":"2020-05-26T12:52:25+00:00","dateModified":"2021-08-04T09:13:33+00:00","description":"As an authorized Google partner, get a secure business solution from trusted specialists. Services Include GCP, G Suite, Google Ads, Google Maps & more. Get Quote!","breadcrumb":{"@id":"https:\/\/www.genesesolution.com\/finland\/google\/#breadcrumb"},"inLanguage":"en-US","potentialAction":[{"@type":"ReadAction","target":["https:\/\/www.genesesolution.com\/finland\/google\/"]}]},{"@type":"BreadcrumbList","@id":"https:\/\/www.genesesolution.com\/finland\/google\/#breadcrumb","itemListElement":[{"@type":"ListItem","position":1,"name":"Home","item":"https:\/\/www.genesesolution.com\/finland\/"},{"@type":"ListItem","position":2,"name":"Google"}]}]}},"_links":{"self":[{"href":"https:\/\/www.genesesolution.com\/finland\/wp-json\/wp\/v2\/pages\/3539"}],"collection":[{"href":"https:\/\/www.genesesolution.com\/finland\/wp-json\/wp\/v2\/pages"}],"about":[{"href":"https:\/\/www.genesesolution.com\/finland\/wp-json\/wp\/v2\/types\/page"}],"author":[{"embeddable":true,"href":"https:\/\/www.genesesolution.com\/finland\/wp-json\/wp\/v2\/users\/1"}],"replies":[{"embeddable":true,"href":"https:\/\/www.genesesolution.com\/finland\/wp-json\/wp\/v2\/comments?post=3539"}],"version-history":[{"count":6,"href":"https:\/\/www.genesesolution.com\/finland\/wp-json\/wp\/v2\/pages\/3539\/revisions"}],"predecessor-version":[{"id":11786,"href":"https:\/\/www.genesesolution.com\/finland\/wp-json\/wp\/v2\/pages\/3539\/revisions\/11786"}],"wp:attachment":[{"href":"https:\/\/www.genesesolution.com\/finland\/wp-json\/wp\/v2\/media?parent=3539"}],"curies":[{"name":"wp","href":"https:\/\/api.w.org\/{rel}","templated":true}]}}