{"id":3688,"date":"2020-06-01T01:34:25","date_gmt":"2020-06-01T01:34:25","guid":{"rendered":"http:\/\/www.genesesolution.com\/finland\/?page_id=3688"},"modified":"2021-08-12T12:28:21","modified_gmt":"2021-08-12T12:28:21","slug":"cloud-consultation-and-services","status":"publish","type":"page","link":"https:\/\/www.genesesolution.com\/finland\/cloud-consultation-and-services\/","title":{"rendered":"Pilvikonsultointi ja -palvelut"},"content":{"rendered":"\n\n\n[et_pb_section fb_built=&#8221;1&#8243; _builder_version=&#8221;4.9.4&#8243; background_color=&#8221;#155a73&#8243; background_image=&#8221;http:\/\/www.genesesolution.com\/finland\/wp-content\/uploads\/sites\/2\/2021\/08\/development-8.png&#8221; hover_enabled=&#8221;0&#8243; da_disable_devices=&#8221;off|off|off&#8221; title_text=&#8221;development&#8221; sticky_enabled=&#8221;0&#8243; da_is_popup=&#8221;off&#8221; da_exit_intent=&#8221;off&#8221; da_has_close=&#8221;on&#8221; da_alt_close=&#8221;off&#8221; da_dark_close=&#8221;off&#8221; da_not_modal=&#8221;on&#8221; da_is_singular=&#8221;off&#8221; da_with_loader=&#8221;off&#8221; da_has_shadow=&#8221;on&#8221;][et_pb_row column_structure=&#8221;1_2,1_2&#8243; _builder_version=&#8221;4.4.6&#8243;][et_pb_column type=&#8221;1_2&#8243; _builder_version=&#8221;4.4.6&#8243;][et_pb_text _builder_version=&#8221;4.4.6&#8243; text_text_color=&#8221;#ffffff&#8221; header_text_color=&#8221;#ffffff&#8221; header_2_text_color=&#8221;#ffffff&#8221; header_3_text_color=&#8221;#ffffff&#8221;]<h6>Palvelumme<\/h6>\n<h1><span data-sheets-value=\"{&quot;1&quot;:2,&quot;2&quot;:&quot;Pilvikonsultointi ja -palvelut&quot;}\" data-sheets-userformat=\"{&quot;2&quot;:14593,&quot;3&quot;:{&quot;1&quot;:0,&quot;3&quot;:1},&quot;11&quot;:4,&quot;14&quot;:{&quot;1&quot;:3,&quot;3&quot;:1},&quot;15&quot;:&quot;Montserrat&quot;,&quot;16&quot;:10}\">Pilvikonsultointi ja -palvelut<\/span><\/h1>\n<p><span data-sheets-value=\"{&quot;1&quot;:2,&quot;2&quot;:&quot;Tarjoamme alustariippumattomia pilvipalveluita ja -konsultointia alan parhaimpien ja tunnetuimpien nimien toimesta, joihin kuuluu Amazon Web Services, Azure, Google Cloud Platform ja Digital Ocean.&quot;}\" data-sheets-userformat=\"{&quot;2&quot;:14593,&quot;3&quot;:{&quot;1&quot;:0,&quot;3&quot;:1},&quot;11&quot;:4,&quot;14&quot;:{&quot;1&quot;:3,&quot;3&quot;:1},&quot;15&quot;:&quot;Montserrat&quot;,&quot;16&quot;:10}\">Tarjoamme alustariippumattomia pilvipalveluita ja -konsultointia alan parhaimpien ja tunnetuimpien nimien toimesta, joihin kuuluu Amazon Web Services, Azure, Google Cloud Platform ja Digital Ocean.<\/span><\/p>[\/et_pb_text][\/et_pb_column][et_pb_column type=&#8221;1_2&#8243; _builder_version=&#8221;4.4.6&#8243;][\/et_pb_column][\/et_pb_row][\/et_pb_section][et_pb_section fb_built=&#8221;1&#8243; _builder_version=&#8221;4.4.6&#8243; da_disable_devices=&#8221;off|off|off&#8221; da_is_popup=&#8221;off&#8221; da_exit_intent=&#8221;off&#8221; da_has_close=&#8221;on&#8221; da_alt_close=&#8221;off&#8221; da_dark_close=&#8221;off&#8221; da_not_modal=&#8221;on&#8221; da_is_singular=&#8221;off&#8221; da_with_loader=&#8221;off&#8221; da_has_shadow=&#8221;on&#8221;][et_pb_row column_structure=&#8221;1_5,3_5,1_5&#8243; _builder_version=&#8221;4.4.8&#8243;][et_pb_column type=&#8221;1_5&#8243; _builder_version=&#8221;4.4.6&#8243;][\/et_pb_column][et_pb_column type=&#8221;3_5&#8243; _builder_version=&#8221;4.4.6&#8243;][et_pb_text _builder_version=&#8221;4.4.8&#8243;]<p style=\"text-align: center;\"><span data-sheets-value=\"{&quot;1&quot;:2,&quot;2&quot;:&quot;Asiantuntijatiimimme auttaa yrityksi\u00e4 v\u00e4hent\u00e4m\u00e4\u00e4n toimintaansa vaadittavien tietoteknisten resurssien m\u00e4\u00e4r\u00e4\u00e4 sek\u00e4 yht\u00e4aikaisesti kasvattamaan tuottavuutta ja pienent\u00e4m\u00e4\u00e4n kustannuksia. Tarjoamme hyvin tehokkaan ja luotettavan pilvipalvelualustan, jota hy\u00f6dynt\u00e4m\u00e4ll\u00e4 yritykset saavat kest\u00e4v\u00e4\u00e4 kilpailuetua markkinoilla.&quot;}\" data-sheets-userformat=\"{&quot;2&quot;:14593,&quot;3&quot;:{&quot;1&quot;:0,&quot;3&quot;:1},&quot;11&quot;:4,&quot;14&quot;:{&quot;1&quot;:3,&quot;3&quot;:1},&quot;15&quot;:&quot;Montserrat&quot;,&quot;16&quot;:10}\">Asiantuntijatiimimme auttaa yrityksi\u00e4 v\u00e4hent\u00e4m\u00e4\u00e4n toimintaansa vaadittavien tietoteknisten resurssien m\u00e4\u00e4r\u00e4\u00e4 sek\u00e4 yht\u00e4aikaisesti kasvattamaan tuottavuutta ja pienent\u00e4m\u00e4\u00e4n kustannuksia. Tarjoamme hyvin tehokkaan ja luotettavan pilvipalvelualustan, jota hy\u00f6dynt\u00e4m\u00e4ll\u00e4 yritykset saavat kest\u00e4v\u00e4\u00e4 kilpailuetua markkinoilla.<\/span><\/p>\n<p style=\"text-align: center;\"><span data-sheets-value=\"{&quot;1&quot;:2,&quot;2&quot;:&quot;Yrityksemme tukee asiakkaitamme toimittamalla heille heti tilattavissa olevia pilvipalvelutoimintoja, -ty\u00f6kaluja ja -sovelluksia, kuten palvelimia, tallennustilaa, tietokantaohjelmia, verkostointia, ohjelmistoja, sovelluksia ja monia muita. &quot;}\" data-sheets-userformat=\"{&quot;2&quot;:14593,&quot;3&quot;:{&quot;1&quot;:0,&quot;3&quot;:1},&quot;11&quot;:4,&quot;14&quot;:{&quot;1&quot;:3,&quot;3&quot;:1},&quot;15&quot;:&quot;Montserrat&quot;,&quot;16&quot;:10}\">Yrityksemme tukee asiakkaitamme toimittamalla heille heti tilattavissa olevia pilvipalvelutoimintoja, -ty\u00f6kaluja ja -sovelluksia, kuten palvelimia, tallennustilaa, tietokantaohjelmia, verkostointia, ohjelmistoja, sovelluksia ja monia muita. <\/span><\/p>\n<p style=\"text-align: center;\"><span data-sheets-value=\"{&quot;1&quot;:2,&quot;2&quot;:&quot;Siirt\u00e4m\u00e4ll\u00e4 yritykset sujuvasti pilvipalveluiden pariin, ne voivat toimia ketter\u00e4mmin ja joustavammin muuttuvilla markkinoilla ja samalla saavat meilt\u00e4 tukea p\u00e4\u00e4t\u00f6ksentekoon ja p\u00e4\u00e4omansa tuottoasteen maksimointiin.&quot;}\" data-sheets-userformat=\"{&quot;2&quot;:14593,&quot;3&quot;:{&quot;1&quot;:0,&quot;3&quot;:1},&quot;11&quot;:4,&quot;14&quot;:{&quot;1&quot;:3,&quot;3&quot;:1},&quot;15&quot;:&quot;Montserrat&quot;,&quot;16&quot;:10}\">Siirt\u00e4m\u00e4ll\u00e4 yritykset sujuvasti pilvipalveluiden pariin, ne voivat toimia ketter\u00e4mmin ja joustavammin muuttuvilla markkinoilla ja samalla saavat meilt\u00e4 tukea p\u00e4\u00e4t\u00f6ksentekoon ja p\u00e4\u00e4omansa tuottoasteen maksimointiin.<\/span><\/p>\n<p style=\"text-align: center;\"><span style=\"font-weight: 400;\"><\/span><\/p>[\/et_pb_text][\/et_pb_column][et_pb_column type=&#8221;1_5&#8243; _builder_version=&#8221;4.4.6&#8243;][\/et_pb_column][\/et_pb_row][et_pb_row column_structure=&#8221;1_2,1_2&#8243; make_equal=&#8221;on&#8221; _builder_version=&#8221;4.4.8&#8243; custom_margin=&#8221;60px||||false|false&#8221; custom_margin_tablet=&#8221;&#8221; custom_margin_phone=&#8221;30px||||false|false&#8221; custom_margin_last_edited=&#8221;on|phone&#8221;][et_pb_column type=&#8221;1_2&#8243; _builder_version=&#8221;4.4.8&#8243;][et_pb_blurb title=&#8221;Asiantuntijapalvelut&#8221; _builder_version=&#8221;4.4.8&#8243; header_font=&#8221;GTWalsheimPro-Bold|500|||||||&#8221; header_font_size=&#8221;24px&#8221; min_height=&#8221;100%&#8221;]<p><span data-sheets-value=\"{&quot;1&quot;:2,&quot;2&quot;:&quot;Jotta yritys pysyisi mukana nopeasti muuttuvassa liike-el\u00e4m\u00e4ss\u00e4, kaikkien yrityksen j\u00e4rjestelmien t\u00e4ytyy toimia ongelmitta, koko ajan. Nykymaailman ihmisill\u00e4 on lukuisia kiireit\u00e4, joten jo lyhytkestoiset h\u00e4iri\u00f6t tai koneistojen viat voivat kohdella yrityst\u00e4si kaltoin. V\u00e4ltt\u00e4\u00e4ksesi h\u00e4iri\u00f6it\u00e4 ja yrityksellesi asetetuista m\u00e4\u00e4r\u00e4ajoista my\u00f6h\u00e4stymist\u00e4, tarvitset rinnallesi luotettavan asiantuntijatiimin, joka antaa sinulle ohjausta kattavassa mutta moniulotteisessa AWS-toimintaymp\u00e4rist\u00f6ss\u00e4. T\u00e4ss\u00e4 Genese on apunasi. Ole aina askeleen edell\u00e4 ja luota yritykseesi, samalla me tarjoamme sinulle tukea.&quot;}\" data-sheets-userformat=\"{&quot;2&quot;:14593,&quot;3&quot;:{&quot;1&quot;:0,&quot;3&quot;:1},&quot;11&quot;:4,&quot;14&quot;:{&quot;1&quot;:3,&quot;3&quot;:1},&quot;15&quot;:&quot;Montserrat&quot;,&quot;16&quot;:10}\">Jotta yritys pysyisi mukana nopeasti muuttuvassa liike-el\u00e4m\u00e4ss\u00e4, kaikkien yrityksen j\u00e4rjestelmien t\u00e4ytyy toimia ongelmitta, koko ajan. Nykymaailman ihmisill\u00e4 on lukuisia kiireit\u00e4, joten jo lyhytkestoiset h\u00e4iri\u00f6t tai koneistojen viat voivat kohdella yrityst\u00e4si kaltoin. V\u00e4ltt\u00e4\u00e4ksesi h\u00e4iri\u00f6it\u00e4 ja yrityksellesi asetetuista m\u00e4\u00e4r\u00e4ajoista my\u00f6h\u00e4stymist\u00e4, tarvitset rinnallesi luotettavan asiantuntijatiimin, joka antaa sinulle ohjausta kattavassa mutta moniulotteisessa AWS-toimintaymp\u00e4rist\u00f6ss\u00e4. T\u00e4ss\u00e4 Genese on apunasi. Ole aina askeleen edell\u00e4 ja luota yritykseesi, samalla me tarjoamme sinulle tukea.<\/span><\/p>[\/et_pb_blurb][\/et_pb_column][et_pb_column type=&#8221;1_2&#8243; _builder_version=&#8221;4.4.8&#8243;][et_pb_blurb title=&#8221;Kustannus- ja tietoturvatarkastus&#8221; _builder_version=&#8221;4.4.8&#8243; header_font=&#8221;GTWalsheimPro-Bold|500|||||||&#8221; header_font_size=&#8221;24px&#8221; min_height=&#8221;100%&#8221;]<p><span data-sheets-value=\"{&quot;1&quot;:2,&quot;2&quot;:&quot;Genesell\u00e4 sertifioidut pilvipalveluinsin\u00f6\u00f6rit tekev\u00e4t tietoturvatarkastuksia.&quot;}\" data-sheets-userformat=\"{&quot;2&quot;:14593,&quot;3&quot;:{&quot;1&quot;:0,&quot;3&quot;:1},&quot;11&quot;:4,&quot;14&quot;:{&quot;1&quot;:3,&quot;3&quot;:1},&quot;15&quot;:&quot;Montserrat&quot;,&quot;16&quot;:10}\">Genesell\u00e4 sertifioidut pilvipalveluinsin\u00f6\u00f6rit tekev\u00e4t tietoturvatarkastuksia.<\/span><\/p>\n<p><span data-sheets-value=\"{&quot;1&quot;:2,&quot;2&quot;:&quot;Yritysten infrastruktuurit kehittyv\u00e4t jatkuvasti. Samalla, kun teknologiaa ja laitteistoja poistuu k\u00e4yt\u00f6st\u00e4, niit\u00e4 syntyy my\u00f6s aina lis\u00e4\u00e4. Ep\u00e4varmojen infrastruktuurien maailmassa on yritykselle elint\u00e4rke\u00e4\u00e4, ett\u00e4 se minimoi mahdolliset yritystoimintaan kohdistuvat uhat. IT-turvallisuusstandardien mukaisen v\u00e4ltt\u00e4m\u00e4tt\u00f6m\u00e4n suojauksen hankkiminen yritykselle voi olla hankalaa. Genesell\u00e4 varmistamme standardien mukaisen turvan tunnistamalla riskit ja reagoimalla niihin hy\u00f6dynt\u00e4en alan tehokkaimpia k\u00e4yt\u00e4nt\u00f6j\u00e4. Genese Solution tarjoaa sinulle kustannus- ja tietoturvatarkastusta alhaisin hinnoin.&quot;}\" data-sheets-userformat=\"{&quot;2&quot;:14593,&quot;3&quot;:{&quot;1&quot;:0,&quot;3&quot;:1},&quot;11&quot;:4,&quot;14&quot;:{&quot;1&quot;:3,&quot;3&quot;:1},&quot;15&quot;:&quot;Montserrat&quot;,&quot;16&quot;:10}\">Yritysten infrastruktuurit kehittyv\u00e4t jatkuvasti. Samalla, kun teknologiaa ja laitteistoja poistuu k\u00e4yt\u00f6st\u00e4, niit\u00e4 syntyy my\u00f6s aina lis\u00e4\u00e4. Ep\u00e4varmojen infrastruktuurien maailmassa on yritykselle elint\u00e4rke\u00e4\u00e4, ett\u00e4 se minimoi mahdolliset yritystoimintaan kohdistuvat uhat. IT-turvallisuusstandardien mukaisen v\u00e4ltt\u00e4m\u00e4tt\u00f6m\u00e4n suojauksen hankkiminen yritykselle voi olla hankalaa. Genesell\u00e4 varmistamme standardien mukaisen turvan tunnistamalla riskit ja reagoimalla niihin hy\u00f6dynt\u00e4en alan tehokkaimpia k\u00e4yt\u00e4nt\u00f6j\u00e4. Genese Solution tarjoaa sinulle kustannus- ja tietoturvatarkastusta alhaisin hinnoin.<\/span><\/p>[\/et_pb_blurb][\/et_pb_column][\/et_pb_row][et_pb_row column_structure=&#8221;1_2,1_2&#8243; make_equal=&#8221;on&#8221; _builder_version=&#8221;4.4.8&#8243; custom_margin=&#8221;60px||||false|false&#8221; custom_margin_tablet=&#8221;&#8221; custom_margin_phone=&#8221;30px||||false|false&#8221; custom_margin_last_edited=&#8221;on|phone&#8221;][et_pb_column type=&#8221;1_2&#8243; _builder_version=&#8221;4.4.8&#8243;][et_pb_blurb title=&#8221;Hallinnoidut palvelut&#8221; _builder_version=&#8221;4.4.8&#8243; header_font=&#8221;GTWalsheimPro-Bold|500|||||||&#8221; header_font_size=&#8221;24px&#8221; min_height=&#8221;100%&#8221;]<p><span data-sheets-value=\"{&quot;1&quot;:2,&quot;2&quot;:&quot;Jos etsit teknist\u00e4 tukea pilvipalveluita varten, me tarjoamme sit\u00e4 sinulle ja hienos\u00e4\u00e4d\u00e4mme kaikki palveluitasi tukevat j\u00e4rjestelm\u00e4t, jotta ne ovat aina toiminnassa ja tasokkaasti suojattuina. Kun yritykset sis\u00e4llytt\u00e4v\u00e4t pilvipalvelut infrastruktuureihinsa, t\u00e4ytyy niit\u00e4 my\u00f6s hallinnoida. Hallinnointipalvelujentarjoajana hoidamme puolestasi pilvipalvelujesi hallinnoinnin. Me optimoimme sek\u00e4 pid\u00e4mme j\u00e4rjestelm\u00e4si suojattuina ja vahvoina, jotta palvelusi toimivat ongelmitta ja keskeytyksett\u00e4. Toimittaaksesi asiakkaillesi vain parasta laatua, ovat tukenasi j\u00e4rjestelm\u00e4vastaavamme sek\u00e4 sertifioidut IT-teknikkomme.&quot;}\" data-sheets-userformat=\"{&quot;2&quot;:14593,&quot;3&quot;:{&quot;1&quot;:0,&quot;3&quot;:1},&quot;11&quot;:4,&quot;14&quot;:{&quot;1&quot;:3,&quot;3&quot;:1},&quot;15&quot;:&quot;Montserrat&quot;,&quot;16&quot;:10}\">Jos etsit teknist\u00e4 tukea pilvipalveluita varten, me tarjoamme sit\u00e4 sinulle ja hienos\u00e4\u00e4d\u00e4mme kaikki palveluitasi tukevat j\u00e4rjestelm\u00e4t, jotta ne ovat aina toiminnassa ja tasokkaasti suojattuina. Kun yritykset sis\u00e4llytt\u00e4v\u00e4t pilvipalvelut infrastruktuureihinsa, t\u00e4ytyy niit\u00e4 my\u00f6s hallinnoida. Hallinnointipalvelujentarjoajana hoidamme puolestasi pilvipalvelujesi hallinnoinnin. Me optimoimme sek\u00e4 pid\u00e4mme j\u00e4rjestelm\u00e4si suojattuina ja vahvoina, jotta palvelusi toimivat ongelmitta ja keskeytyksett\u00e4. Toimittaaksesi asiakkaillesi vain parasta laatua, ovat tukenasi j\u00e4rjestelm\u00e4vastaavamme sek\u00e4 sertifioidut IT-teknikkomme.<\/span><\/p>[\/et_pb_blurb][\/et_pb_column][et_pb_column type=&#8221;1_2&#8243; _builder_version=&#8221;4.4.8&#8243;][et_pb_blurb title=&#8221;Siirtyminen&#8221; _builder_version=&#8221;4.4.8&#8243; header_font=&#8221;GTWalsheimPro-Bold|500|||||||&#8221; header_font_size=&#8221;24px&#8221; min_height=&#8221;100%&#8221;]<p><span data-sheets-value=\"{&quot;1&quot;:2,&quot;2&quot;:&quot;Genesen pilvisiirtym\u00e4palvelun avulla saamme siirretty\u00e4 kaikki yrityksen olemassa olevat j\u00e4rjestelm\u00e4t pilveen ja saatamme ne toimintaan. Meill\u00e4 on laajamittaista kokemusta sis\u00e4ll\u00f6nsiirrosta paikallisista ohjelmistoista tai muista pilvipalveluista AWS-pilveen. Yleens\u00e4 siirtym\u00e4 pilveen on monimutkainen toimenpide, mutta me saamme siirretty\u00e4 j\u00e4rjestelm\u00e4si nopeasti pilveen sellaisenaan. Pilvisiirtym\u00e4palveluun sis\u00e4ltyy my\u00f6s vianvalvontaa, joka on luonteeltaan jatkuvaa ja auttaa v\u00e4hent\u00e4m\u00e4\u00e4n mahdollisia uhkia. N\u00e4iss\u00e4 puitteissa yrityksesi p\u00e4\u00e4see kehittym\u00e4\u00e4n menestyksekk\u00e4\u00e4sti.&quot;}\" data-sheets-userformat=\"{&quot;2&quot;:14593,&quot;3&quot;:{&quot;1&quot;:0,&quot;3&quot;:1},&quot;11&quot;:4,&quot;14&quot;:{&quot;1&quot;:3,&quot;3&quot;:1},&quot;15&quot;:&quot;Montserrat&quot;,&quot;16&quot;:10}\">Genesen pilvisiirtym\u00e4palvelun avulla saamme siirretty\u00e4 kaikki yrityksen olemassa olevat j\u00e4rjestelm\u00e4t pilveen ja saatamme ne toimintaan. Meill\u00e4 on laajamittaista kokemusta sis\u00e4ll\u00f6nsiirrosta paikallisista ohjelmistoista tai muista pilvipalveluista AWS-pilveen. Yleens\u00e4 siirtym\u00e4 pilveen on monimutkainen toimenpide, mutta me saamme siirretty\u00e4 j\u00e4rjestelm\u00e4si nopeasti pilveen sellaisenaan. Pilvisiirtym\u00e4palveluun sis\u00e4ltyy my\u00f6s vianvalvontaa, joka on luonteeltaan jatkuvaa ja auttaa v\u00e4hent\u00e4m\u00e4\u00e4n mahdollisia uhkia. N\u00e4iss\u00e4 puitteissa yrityksesi p\u00e4\u00e4see kehittym\u00e4\u00e4n menestyksekk\u00e4\u00e4sti.<\/span><\/p>[\/et_pb_blurb][\/et_pb_column][\/et_pb_row][\/et_pb_section][et_pb_section fb_built=&#8221;1&#8243; _builder_version=&#8221;4.9.4&#8243; background_color=&#8221;rgba(0,0,0,0)&#8221; custom_padding=&#8221;0px||0px||true|false&#8221; custom_css_before=&#8221;||content: &#8221;;||position: absolute;||left: 0;||bottom: 0;||width: 100%;||background: #F2F5FC;||height: 100px;&#8221; da_disable_devices=&#8221;off|off|off&#8221; global_module=&#8221;2375&#8243; saved_tabs=&#8221;all&#8221; da_is_popup=&#8221;off&#8221; da_exit_intent=&#8221;off&#8221; da_has_close=&#8221;on&#8221; da_alt_close=&#8221;off&#8221; da_dark_close=&#8221;off&#8221; da_not_modal=&#8221;on&#8221; da_is_singular=&#8221;off&#8221; da_with_loader=&#8221;off&#8221; da_has_shadow=&#8221;on&#8221;][et_pb_row column_structure=&#8221;3_5,2_5&#8243; make_equal=&#8221;on&#8221; custom_padding_last_edited=&#8221;on|phone&#8221; _builder_version=&#8221;4.4.8&#8243; background_color=&#8221;#155a73&#8243; background_image=&#8221;https:\/\/www.genesesolution.com\/finland\/wp-content\/uploads\/sites\/2\/2020\/05\/cta-section-bg.svg&#8221; background_size=&#8221;contain&#8221; background_position=&#8221;bottom_right&#8221; custom_margin_last_edited=&#8221;off|desktop&#8221; custom_padding=&#8221;60px|50px|60px|50px|true|true&#8221; custom_padding_tablet=&#8221;&#8221; custom_padding_phone=&#8221;|20px|250px|20px|false|true&#8221; background_last_edited=&#8221;on|phone&#8221; background_image_phone=&#8221;https:\/\/www.genesesolution.com\/finland\/wp-content\/uploads\/sites\/2\/2020\/06\/join-conversation-mobile.svg&#8221; background_enable_image_phone=&#8221;on&#8221; background_size_phone=&#8221;cover&#8221; background_position_phone=&#8221;bottom_center&#8221; border_radii=&#8221;on|4px|4px|4px|4px&#8221; title_text_phone=&#8221;join-conversation-mobile&#8221;][et_pb_column type=&#8221;3_5&#8243; module_class=&#8221;v-center&#8221; _builder_version=&#8221;4.4.6&#8243;][et_pb_text _builder_version=&#8221;4.9.4&#8243; text_text_color=&#8221;#ffffff&#8221; background_layout=&#8221;dark&#8221; custom_margin=&#8221;||0px||false|false&#8221;]<h3 style=\"text-align: left;\">Muunna yrityksesi digitaalinen maisema t\u00e4n\u00e4\u00e4n<\/h3>[\/et_pb_text][et_pb_button button_url=&#8221;https:\/\/www.genesesolution.com\/finland\/contact-us&#8221; button_text=&#8221;Keskustele kanssamme&#8221; button_alignment=&#8221;left&#8221; _builder_version=&#8221;4.9.4&#8243;][\/et_pb_button][\/et_pb_column][et_pb_column type=&#8221;2_5&#8243; _builder_version=&#8221;4.4.8&#8243;][\/et_pb_column][\/et_pb_row][\/et_pb_section]\n\n\n","protected":false},"excerpt":{"rendered":"","protected":false},"author":1,"featured_media":0,"parent":0,"menu_order":0,"comment_status":"closed","ping_status":"closed","template":"","meta":{"_et_pb_use_builder":"on","_et_pb_old_content":"<!-- wp:divi\/placeholder \/-->","_et_gb_content_width":"","_links_to":"","_links_to_target":""},"yoast_head":"<!-- This site is optimized with the Yoast SEO plugin v16.8 - https:\/\/yoast.com\/wordpress\/plugins\/seo\/ -->\n<title>Cloud Based Services &amp; Consultation-Genese Solution<\/title>\n<meta name=\"description\" content=\"We provide best in class cloud based services to help enterprises get most out from internet cloud services. Dig in &amp; meet your Cloud consultants!\" \/>\n<meta name=\"robots\" content=\"index, follow, max-snippet:-1, max-image-preview:large, max-video-preview:-1\" \/>\n<link rel=\"canonical\" href=\"https:\/\/www.genesesolution.com\/finland\/cloud-consultation-and-services\/\" \/>\n<meta property=\"og:locale\" content=\"en_US\" \/>\n<meta property=\"og:type\" content=\"article\" \/>\n<meta property=\"og:title\" content=\"Cloud Based Services &amp; Consultation-Genese Solution\" \/>\n<meta property=\"og:description\" content=\"We provide best in class cloud based services to help enterprises get most out from internet cloud services. Dig in &amp; meet your Cloud consultants!\" \/>\n<meta property=\"og:url\" content=\"https:\/\/www.genesesolution.com\/finland\/cloud-consultation-and-services\/\" \/>\n<meta property=\"og:site_name\" content=\"Genese Solution Finland\" \/>\n<meta property=\"article:modified_time\" content=\"2021-08-12T12:28:21+00:00\" \/>\n<meta name=\"twitter:card\" content=\"summary_large_image\" \/>\n<meta name=\"twitter:label1\" content=\"Est. reading time\" \/>\n\t<meta name=\"twitter:data1\" content=\"3 minutes\" \/>\n<script type=\"application\/ld+json\" class=\"yoast-schema-graph\">{\"@context\":\"https:\/\/schema.org\",\"@graph\":[{\"@type\":\"WebSite\",\"@id\":\"https:\/\/www.genesesolution.com\/finland\/#website\",\"url\":\"https:\/\/www.genesesolution.com\/finland\/\",\"name\":\"Genese Solution Finland\",\"description\":\"Creating you the best\",\"potentialAction\":[{\"@type\":\"SearchAction\",\"target\":{\"@type\":\"EntryPoint\",\"urlTemplate\":\"https:\/\/www.genesesolution.com\/finland\/?s={search_term_string}\"},\"query-input\":\"required name=search_term_string\"}],\"inLanguage\":\"en-US\"},{\"@type\":\"WebPage\",\"@id\":\"https:\/\/www.genesesolution.com\/finland\/cloud-consultation-and-services\/#webpage\",\"url\":\"https:\/\/www.genesesolution.com\/finland\/cloud-consultation-and-services\/\",\"name\":\"Cloud Based Services & Consultation-Genese Solution\",\"isPartOf\":{\"@id\":\"https:\/\/www.genesesolution.com\/finland\/#website\"},\"datePublished\":\"2020-06-01T01:34:25+00:00\",\"dateModified\":\"2021-08-12T12:28:21+00:00\",\"description\":\"We provide best in class cloud based services to help enterprises get most out from internet cloud services. Dig in & meet your Cloud consultants!\",\"breadcrumb\":{\"@id\":\"https:\/\/www.genesesolution.com\/finland\/cloud-consultation-and-services\/#breadcrumb\"},\"inLanguage\":\"en-US\",\"potentialAction\":[{\"@type\":\"ReadAction\",\"target\":[\"https:\/\/www.genesesolution.com\/finland\/cloud-consultation-and-services\/\"]}]},{\"@type\":\"BreadcrumbList\",\"@id\":\"https:\/\/www.genesesolution.com\/finland\/cloud-consultation-and-services\/#breadcrumb\",\"itemListElement\":[{\"@type\":\"ListItem\",\"position\":1,\"name\":\"Home\",\"item\":\"https:\/\/www.genesesolution.com\/finland\/\"},{\"@type\":\"ListItem\",\"position\":2,\"name\":\"Pilvikonsultointi ja -palvelut\"}]}]}<\/script>\n<!-- \/ Yoast SEO plugin. -->","yoast_head_json":{"title":"Cloud Based Services & Consultation-Genese Solution","description":"We provide best in class cloud based services to help enterprises get most out from internet cloud services. Dig in & meet your Cloud consultants!","robots":{"index":"index","follow":"follow","max-snippet":"max-snippet:-1","max-image-preview":"max-image-preview:large","max-video-preview":"max-video-preview:-1"},"canonical":"https:\/\/www.genesesolution.com\/finland\/cloud-consultation-and-services\/","og_locale":"en_US","og_type":"article","og_title":"Cloud Based Services & Consultation-Genese Solution","og_description":"We provide best in class cloud based services to help enterprises get most out from internet cloud services. Dig in & meet your Cloud consultants!","og_url":"https:\/\/www.genesesolution.com\/finland\/cloud-consultation-and-services\/","og_site_name":"Genese Solution Finland","article_modified_time":"2021-08-12T12:28:21+00:00","twitter_card":"summary_large_image","twitter_misc":{"Est. reading time":"3 minutes"},"schema":{"@context":"https:\/\/schema.org","@graph":[{"@type":"WebSite","@id":"https:\/\/www.genesesolution.com\/finland\/#website","url":"https:\/\/www.genesesolution.com\/finland\/","name":"Genese Solution Finland","description":"Creating you the best","potentialAction":[{"@type":"SearchAction","target":{"@type":"EntryPoint","urlTemplate":"https:\/\/www.genesesolution.com\/finland\/?s={search_term_string}"},"query-input":"required name=search_term_string"}],"inLanguage":"en-US"},{"@type":"WebPage","@id":"https:\/\/www.genesesolution.com\/finland\/cloud-consultation-and-services\/#webpage","url":"https:\/\/www.genesesolution.com\/finland\/cloud-consultation-and-services\/","name":"Cloud Based Services & Consultation-Genese Solution","isPartOf":{"@id":"https:\/\/www.genesesolution.com\/finland\/#website"},"datePublished":"2020-06-01T01:34:25+00:00","dateModified":"2021-08-12T12:28:21+00:00","description":"We provide best in class cloud based services to help enterprises get most out from internet cloud services. Dig in & meet your Cloud consultants!","breadcrumb":{"@id":"https:\/\/www.genesesolution.com\/finland\/cloud-consultation-and-services\/#breadcrumb"},"inLanguage":"en-US","potentialAction":[{"@type":"ReadAction","target":["https:\/\/www.genesesolution.com\/finland\/cloud-consultation-and-services\/"]}]},{"@type":"BreadcrumbList","@id":"https:\/\/www.genesesolution.com\/finland\/cloud-consultation-and-services\/#breadcrumb","itemListElement":[{"@type":"ListItem","position":1,"name":"Home","item":"https:\/\/www.genesesolution.com\/finland\/"},{"@type":"ListItem","position":2,"name":"Pilvikonsultointi ja -palvelut"}]}]}},"_links":{"self":[{"href":"https:\/\/www.genesesolution.com\/finland\/wp-json\/wp\/v2\/pages\/3688"}],"collection":[{"href":"https:\/\/www.genesesolution.com\/finland\/wp-json\/wp\/v2\/pages"}],"about":[{"href":"https:\/\/www.genesesolution.com\/finland\/wp-json\/wp\/v2\/types\/page"}],"author":[{"embeddable":true,"href":"https:\/\/www.genesesolution.com\/finland\/wp-json\/wp\/v2\/users\/1"}],"replies":[{"embeddable":true,"href":"https:\/\/www.genesesolution.com\/finland\/wp-json\/wp\/v2\/comments?post=3688"}],"version-history":[{"count":14,"href":"https:\/\/www.genesesolution.com\/finland\/wp-json\/wp\/v2\/pages\/3688\/revisions"}],"predecessor-version":[{"id":11792,"href":"https:\/\/www.genesesolution.com\/finland\/wp-json\/wp\/v2\/pages\/3688\/revisions\/11792"}],"wp:attachment":[{"href":"https:\/\/www.genesesolution.com\/finland\/wp-json\/wp\/v2\/media?parent=3688"}],"curies":[{"name":"wp","href":"https:\/\/api.w.org\/{rel}","templated":true}]}}