{"id":5904,"date":"2020-09-16T08:14:54","date_gmt":"2020-09-16T08:14:54","guid":{"rendered":"https:\/\/www.genesesolution.com\/finland\/?page_id=5904"},"modified":"2021-08-04T09:10:27","modified_gmt":"2021-08-04T09:10:27","slug":"aws-migraatioratkaisut","status":"publish","type":"page","link":"https:\/\/www.genesesolution.com\/finland\/aws-services\/aws-migraatioratkaisut\/","title":{"rendered":"AWS Migraatioratkaisut"},"content":{"rendered":"\n[et_pb_section fb_built=&#8221;1&#8243; admin_label=&#8221;Hero Section&#8221; _builder_version=&#8221;4.4.8&#8243; background_color=&#8221;#155a73&#8243; background_color_gradient_direction=&#8221;100deg&#8221; background_image=&#8221;https:\/\/www.genesesolution.com\/finland\/wp-content\/uploads\/sites\/2\/2020\/07\/section-bg-hero2-1.png&#8221; custom_padding=&#8221;60px||60px||true|false&#8221; custom_padding_phone=&#8221;30px||30px||true|false&#8221; da_disable_devices=&#8221;off|off|off&#8221; da_is_popup=&#8221;off&#8221; da_exit_intent=&#8221;off&#8221; da_has_close=&#8221;on&#8221; da_alt_close=&#8221;off&#8221; da_dark_close=&#8221;off&#8221; da_not_modal=&#8221;on&#8221; da_is_singular=&#8221;off&#8221; da_with_loader=&#8221;off&#8221; da_has_shadow=&#8221;on&#8221;][et_pb_row column_structure=&#8221;1_2,1_2&#8243; make_equal=&#8221;on&#8221; admin_label=&#8221;Hero Area&#8221; _builder_version=&#8221;4.4.8&#8243; background_size=&#8221;initial&#8221; background_position=&#8221;top_left&#8221; background_repeat=&#8221;repeat&#8221;][et_pb_column type=&#8221;1_2&#8243; _builder_version=&#8221;4.4.8&#8243; custom_padding=&#8221;0px||0px||true|false&#8221; custom_css_main_element=&#8221;display: flex;||justify-content: center;||flex-direction: column;&#8221; custom_padding__hover=&#8221;|||&#8221;][et_pb_cta title=&#8221;Tee seuraava harppaus ja siirry AWS-pilvipalveluihin&#8221; button_url=&#8221;#&#8221; disabled_on=&#8221;on|off|off&#8221; admin_label=&#8221;Hero Text&#8221; module_class=&#8221;custom-bullets bullet-thumbs-up&#8221; _builder_version=&#8221;4.9.4&#8243; header_level=&#8221;h3&#8243; header_font=&#8221;GTWalsheimPro-Bold|700|||||||&#8221; header_text_align=&#8221;left&#8221; header_font_size=&#8221;40px&#8221; header_line_height=&#8221;1.4em&#8221; body_font=&#8221;||||||||&#8221; body_font_size=&#8221;18px&#8221; body_line_height=&#8221;1.8em&#8221; use_background_color=&#8221;off&#8221; custom_button=&#8221;on&#8221; button_text_size=&#8221;14px&#8221; button_text_color=&#8221;#2a2a2a&#8221; button_bg_color=&#8221;#ffffff&#8221; button_border_width=&#8221;12px&#8221; button_border_color=&#8221;#ffffff&#8221; button_letter_spacing=&#8221;2px&#8221; button_font=&#8221;Poppins|600||on|||||&#8221; button_icon=&#8221;%%3%%&#8221; text_orientation=&#8221;left&#8221; custom_padding=&#8221;0px||0px||false|false&#8221; animation_style=&#8221;fade&#8221; header_text_color_tablet=&#8221;&#8221; header_text_color_phone=&#8221;&#8221; header_text_color_last_edited=&#8221;on|phone&#8221; button_text_size__hover_enabled=&#8221;off&#8221; button_one_text_size__hover_enabled=&#8221;off&#8221; button_two_text_size__hover_enabled=&#8221;off&#8221; button_text_color__hover_enabled=&#8221;off&#8221; button_one_text_color__hover_enabled=&#8221;off&#8221; button_two_text_color__hover_enabled=&#8221;off&#8221; button_border_width__hover_enabled=&#8221;off&#8221; button_one_border_width__hover_enabled=&#8221;off&#8221; button_two_border_width__hover_enabled=&#8221;off&#8221; button_border_color__hover_enabled=&#8221;off&#8221; button_one_border_color__hover_enabled=&#8221;off&#8221; button_two_border_color__hover_enabled=&#8221;off&#8221; button_border_radius__hover_enabled=&#8221;off&#8221; button_one_border_radius__hover_enabled=&#8221;off&#8221; button_two_border_radius__hover_enabled=&#8221;off&#8221; button_letter_spacing__hover_enabled=&#8221;off&#8221; button_one_letter_spacing__hover_enabled=&#8221;off&#8221; button_two_letter_spacing__hover_enabled=&#8221;off&#8221; button_bg_color__hover_enabled=&#8221;off&#8221; button_one_bg_color__hover_enabled=&#8221;off&#8221; button_two_bg_color__hover_enabled=&#8221;off&#8221;]<h4><span>Genese tarjoaa yrityksellesi keinot siirty\u00e4 tehokkaasti AWS-pilvipalveluihin ja auttaa liiketoimintaasi saavuttamaan pienemm\u00e4t kustannukset, paremman mukautumiskyvyn ja globaalin skaalautuvuuden.<\/span><\/h4>\n<ul>\n<li><span>Ilmainen arkkitehtuuri \/ infrastruktuurin suunnittelu<\/span><\/li>\n<li><span>Ilmainen yritystuki kuuden kuukauden ajan<\/span><\/li>\n<li><span>Ilmainen migraatio<\/span><\/li>\n<li><span>Kolmen kuukauden ilmainen hosting pk-yrityksille<\/span><\/li>\n<li><span>Seuranta ja turvallisuus ilmatteeksi yrityksille<\/span><\/li>\n<\/ul>[\/et_pb_cta][et_pb_cta title=&#8221;Tee seuraava harppaus ja siirry AWS-pilvipalveluihin&#8221; button_url=&#8221;#&#8221; disabled_on=&#8221;off|on|on&#8221; admin_label=&#8221;Hero Text&#8221; module_class=&#8221;custom-bullets bullet-thumbs-up&#8221; _builder_version=&#8221;4.9.4&#8243; header_level=&#8221;h3&#8243; header_font=&#8221;GTWalsheimPro-Bold|700|||||||&#8221; header_text_align=&#8221;left&#8221; header_font_size=&#8221;40px&#8221; header_line_height=&#8221;1.4em&#8221; body_font=&#8221;||||||||&#8221; body_font_size=&#8221;18px&#8221; body_line_height=&#8221;1.8em&#8221; use_background_color=&#8221;off&#8221; custom_button=&#8221;on&#8221; button_text_size=&#8221;14px&#8221; button_text_color=&#8221;#2a2a2a&#8221; button_bg_color=&#8221;#ffffff&#8221; button_border_width=&#8221;12px&#8221; button_border_color=&#8221;#ffffff&#8221; button_letter_spacing=&#8221;2px&#8221; button_font=&#8221;Poppins|600||on|||||&#8221; button_icon=&#8221;%%3%%&#8221; text_orientation=&#8221;left&#8221; custom_margin=&#8221;0px||-40px||false|false&#8221; custom_padding=&#8221;0px||0px||false|false&#8221; animation_style=&#8221;fade&#8221; header_text_color_tablet=&#8221;&#8221; header_text_color_phone=&#8221;&#8221; header_text_color_last_edited=&#8221;on|phone&#8221; button_text_size__hover_enabled=&#8221;off&#8221; button_one_text_size__hover_enabled=&#8221;off&#8221; button_two_text_size__hover_enabled=&#8221;off&#8221; button_text_color__hover_enabled=&#8221;off&#8221; button_one_text_color__hover_enabled=&#8221;off&#8221; button_two_text_color__hover_enabled=&#8221;off&#8221; button_border_width__hover_enabled=&#8221;off&#8221; button_one_border_width__hover_enabled=&#8221;off&#8221; button_two_border_width__hover_enabled=&#8221;off&#8221; button_border_color__hover_enabled=&#8221;off&#8221; button_one_border_color__hover_enabled=&#8221;off&#8221; button_two_border_color__hover_enabled=&#8221;off&#8221; button_border_radius__hover_enabled=&#8221;off&#8221; button_one_border_radius__hover_enabled=&#8221;off&#8221; button_two_border_radius__hover_enabled=&#8221;off&#8221; button_letter_spacing__hover_enabled=&#8221;off&#8221; button_one_letter_spacing__hover_enabled=&#8221;off&#8221; button_two_letter_spacing__hover_enabled=&#8221;off&#8221; button_bg_color__hover_enabled=&#8221;off&#8221; button_one_bg_color__hover_enabled=&#8221;off&#8221; button_two_bg_color__hover_enabled=&#8221;off&#8221;][\/et_pb_cta][\/et_pb_column][et_pb_column type=&#8221;1_2&#8243; _builder_version=&#8221;3.25&#8243; custom_padding=&#8221;|||&#8221; custom_padding__hover=&#8221;|||&#8221;][et_pb_text _builder_version=&#8221;4.9.4&#8243; header_4_font=&#8221;GTWalsheimPro-Medium|500|||||||&#8221; header_4_text_align=&#8221;left&#8221; header_4_font_size=&#8221;25px&#8221; background_color=&#8221;#ffffff&#8221; max_width=&#8221;450px&#8221; module_alignment=&#8221;center&#8221; custom_margin=&#8221;||0px||false|false&#8221; custom_padding=&#8221;30px|5%|10px|5%|false|true&#8221; animation_style=&#8221;slide&#8221; animation_direction=&#8221;right&#8221; animation_intensity_slide=&#8221;3%&#8221; animation_starting_opacity=&#8221;100%&#8221;]<h4><span>L\u00e4het\u00e4 yhteystietosi meille<\/span><\/h4>\n<div class=\"et_pb_module et_pb_text et_pb_text_12  et_pb_text_align_left et_pb_bg_layout_light\">\n<div class=\"et_pb_text_inner\">\n<p><span>Pilvipalveluninjamme viev\u00e4t sinut saumattomalle pilvimatkalle.<\/span><\/p>\n<\/div>\n<\/div>[\/et_pb_text][et_pb_text module_class=&#8221;landing-form&#8221; _builder_version=&#8221;4.4.8&#8243; background_color=&#8221;#ffffff&#8221; max_width=&#8221;450px&#8221; module_alignment=&#8221;center&#8221; custom_padding=&#8221;|5%|30px|2.5%|false|false&#8221; animation_style=&#8221;slide&#8221; animation_direction=&#8221;right&#8221; animation_intensity_slide=&#8221;3%&#8221; animation_starting_opacity=&#8221;100%&#8221;]<div role=\"form\" class=\"wpcf7\" id=\"wpcf7-f7066-o1\" lang=\"en-US\" dir=\"ltr\">\n<div class=\"screen-reader-response\"><p role=\"status\" aria-live=\"polite\" aria-atomic=\"true\"><\/p> <ul><\/ul><\/div>\n<form action=\"\/finland\/wp-json\/wp\/v2\/pages\/5904#wpcf7-f7066-o1\" method=\"post\" class=\"wpcf7-form init\" novalidate=\"novalidate\" data-status=\"init\">\n<div style=\"display: none;\">\n<input type=\"hidden\" name=\"_wpcf7\" value=\"7066\" \/>\n<input type=\"hidden\" name=\"_wpcf7_version\" value=\"5.4.1\" \/>\n<input type=\"hidden\" name=\"_wpcf7_locale\" value=\"en_US\" \/>\n<input type=\"hidden\" name=\"_wpcf7_unit_tag\" value=\"wpcf7-f7066-o1\" \/>\n<input type=\"hidden\" name=\"_wpcf7_container_post\" value=\"0\" \/>\n<input type=\"hidden\" name=\"_wpcf7_posted_data_hash\" value=\"\" \/>\n<input type=\"hidden\" name=\"_wpcf7_recaptcha_response\" value=\"\" \/>\n<\/div>\n<div class=\"custom-form et_pb_contact clearfix\">\n<p class=\"et_pb_contact_field \" data-type=\"input\">\n\t<span class=\"wpcf7-form-control-wrap first_name\"><input type=\"text\" name=\"first_name\" value=\"\" size=\"40\" class=\"wpcf7-form-control wpcf7-text wpcf7-validates-as-required\" aria-required=\"true\" aria-invalid=\"false\" placeholder=\"Full name\" \/><\/span><\/label>\n<\/p>\n<p class=\"et_pb_contact_field \" data-type=\"input\">\n\t<span class=\"wpcf7-form-control-wrap phone_number\"><input type=\"number\" name=\"phone_number\" value=\"\" class=\"wpcf7-form-control wpcf7-number wpcf7-validates-as-required wpcf7-validates-as-number\" aria-required=\"true\" aria-invalid=\"false\" placeholder=\"Phone number\" \/><\/span><\/label>\n<\/p>\n<p class=\"et_pb_contact_field \" data-type=\"input\">\n\t<span class=\"wpcf7-form-control-wrap your_email\"><input type=\"email\" name=\"your_email\" value=\"\" size=\"40\" class=\"wpcf7-form-control wpcf7-text wpcf7-email wpcf7-validates-as-required wpcf7-validates-as-email\" aria-required=\"true\" aria-invalid=\"false\" placeholder=\"Email address\" \/><\/span> <\/label>\n<\/p>\n<p class=\"et_pb_contact_field \" data-type=\"input\">\n\t<span class=\"wpcf7-form-control-wrap org_name\"><input type=\"text\" name=\"org_name\" value=\"\" size=\"40\" class=\"wpcf7-form-control wpcf7-text wpcf7-validates-as-required\" aria-required=\"true\" aria-invalid=\"false\" placeholder=\"Organization&#039;s name\" \/><\/span><\/label>\n<\/p>\n<input type=\"hidden\" name=\"campaign-name\" value=\"\" class=\"wpcf7-form-control wpcf7-hidden\" \/>\n<p><input type=\"submit\" value=\"Submit\" class=\"wpcf7-form-control wpcf7-submit\" \/>\n<\/p><\/div>\n<div class=\"wpcf7-response-output\" aria-hidden=\"true\"><\/div><\/form><\/div>[\/et_pb_text][et_pb_image src=&#8221;https:\/\/www.genesesolution.com\/finland\/wp-content\/uploads\/sites\/2\/2020\/09\/powered-by-aws-logo.jpg&#8221; title_text=&#8221;powered-by-aws-logo&#8221; align=&#8221;center&#8221; _builder_version=&#8221;4.4.8&#8243; background_color=&#8221;#ffffff&#8221; max_width=&#8221;450px&#8221; custom_margin=&#8221;-11px||||false|false&#8221; custom_padding=&#8221;|50px||50px|true|true&#8221; animation_style=&#8221;slide&#8221; animation_direction=&#8221;right&#8221; animation_intensity_slide=&#8221;3%&#8221; animation_starting_opacity=&#8221;100%&#8221; border_radii=&#8221;on|4px|4px|4px|4px&#8221;][\/et_pb_image][et_pb_cta button_url=&#8221;#&#8221; disabled_on=&#8221;off|on|on&#8221; admin_label=&#8221;Hero Text&#8221; module_class=&#8221;custom-bullets bullet-thumbs-up&#8221; _builder_version=&#8221;4.9.4&#8243; header_level=&#8221;h3&#8243; header_font=&#8221;GTWalsheimPro-Bold|700|||||||&#8221; header_text_align=&#8221;left&#8221; header_font_size=&#8221;40px&#8221; header_line_height=&#8221;1.4em&#8221; body_font=&#8221;||||||||&#8221; body_font_size=&#8221;18px&#8221; body_line_height=&#8221;1.8em&#8221; use_background_color=&#8221;off&#8221; custom_button=&#8221;on&#8221; button_text_size=&#8221;14px&#8221; button_text_color=&#8221;#2a2a2a&#8221; button_bg_color=&#8221;#ffffff&#8221; button_border_width=&#8221;12px&#8221; button_border_color=&#8221;#ffffff&#8221; button_letter_spacing=&#8221;2px&#8221; button_font=&#8221;Poppins|600||on|||||&#8221; button_icon=&#8221;%%3%%&#8221; text_orientation=&#8221;left&#8221; custom_padding=&#8221;0px||0px||false|false&#8221; animation_style=&#8221;fade&#8221; header_text_color_tablet=&#8221;&#8221; header_text_color_phone=&#8221;&#8221; header_text_color_last_edited=&#8221;on|phone&#8221; button_text_size__hover_enabled=&#8221;off&#8221; button_one_text_size__hover_enabled=&#8221;off&#8221; button_two_text_size__hover_enabled=&#8221;off&#8221; button_text_color__hover_enabled=&#8221;off&#8221; button_one_text_color__hover_enabled=&#8221;off&#8221; button_two_text_color__hover_enabled=&#8221;off&#8221; button_border_width__hover_enabled=&#8221;off&#8221; button_one_border_width__hover_enabled=&#8221;off&#8221; button_two_border_width__hover_enabled=&#8221;off&#8221; button_border_color__hover_enabled=&#8221;off&#8221; button_one_border_color__hover_enabled=&#8221;off&#8221; button_two_border_color__hover_enabled=&#8221;off&#8221; button_border_radius__hover_enabled=&#8221;off&#8221; button_one_border_radius__hover_enabled=&#8221;off&#8221; button_two_border_radius__hover_enabled=&#8221;off&#8221; button_letter_spacing__hover_enabled=&#8221;off&#8221; button_one_letter_spacing__hover_enabled=&#8221;off&#8221; button_two_letter_spacing__hover_enabled=&#8221;off&#8221; button_bg_color__hover_enabled=&#8221;off&#8221; button_one_bg_color__hover_enabled=&#8221;off&#8221; button_two_bg_color__hover_enabled=&#8221;off&#8221;]<h4><span>Genese tarjoaa yrityksellesi keinot siirty\u00e4 tehokkaasti AWS-pilvipalveluihin ja auttaa liiketoimintaasi saavuttamaan pienemm\u00e4t kustannukset, paremman mukautumiskyvyn ja globaalin skaalautuvuuden.<\/span><\/h4>\n<ul>\n<li><span>Ilmainen arkkitehtuuri \/ infrastruktuurin suunnittelu<\/span><\/li>\n<li><span>Ilmainen yritystuki kuuden kuukauden ajan<\/span><\/li>\n<li><span>Ilmainen migraatio<\/span><\/li>\n<li><span>Kolmen kuukauden ilmainen hosting pk-yrityksille<\/span><\/li>\n<li><span>Seuranta ja turvallisuus ilmatteeksi yrityksille<\/span><\/li>\n<\/ul>[\/et_pb_cta][\/et_pb_column][\/et_pb_row][\/et_pb_section][et_pb_section fb_built=&#8221;1&#8243; admin_label=&#8221;Service Section&#8221; _builder_version=&#8221;4.4.8&#8243; background_enable_image=&#8221;off&#8221; background_position=&#8221;top_center&#8221; custom_padding=&#8221;60px||60px|0px|true|false&#8221; da_disable_devices=&#8221;off|off|off&#8221; da_is_popup=&#8221;off&#8221; da_exit_intent=&#8221;off&#8221; da_has_close=&#8221;on&#8221; da_alt_close=&#8221;off&#8221; da_dark_close=&#8221;off&#8221; da_not_modal=&#8221;on&#8221; da_is_singular=&#8221;off&#8221; da_with_loader=&#8221;off&#8221; da_has_shadow=&#8221;on&#8221;][et_pb_row column_structure=&#8221;1_5,3_5,1_5&#8243; admin_label=&#8221;Title Area&#8221; _builder_version=&#8221;4.4.8&#8243; custom_padding=&#8221;||40px|&#8221;][et_pb_column type=&#8221;1_5&#8243; _builder_version=&#8221;3.25&#8243; custom_padding=&#8221;|||&#8221; custom_padding__hover=&#8221;|||&#8221;][\/et_pb_column][et_pb_column type=&#8221;3_5&#8243; _builder_version=&#8221;3.25&#8243; custom_padding=&#8221;|||&#8221; custom_padding__hover=&#8221;|||&#8221;][et_pb_text _builder_version=&#8221;4.9.4&#8243; hover_enabled=&#8221;0&#8243; sticky_enabled=&#8221;0&#8243;]<h1 style=\"text-align: center;\">AWS Migraatioratkaisut<\/h1>\n<p style=\"text-align: center;\"><span>Genesell\u00e4 on laajamittaista kokemusta sis\u00e4ll\u00f6nsiirrosta paikallisista ohjelmistoista tai muista pilvipalveluista AWS-pilveen. Tekniset ninjamme ovat koulutettu ratkaisemaan asiakkaidemme ongelmia AWS-ratkaisuilla. Erikoistumme tiedostojen, tietokantojen, sovellusten ja palveluiden siirtoon sek\u00e4 toimintah\u00e4iri\u00f6ist\u00e4 palautumiseen. <\/span><\/p>[\/et_pb_text][\/et_pb_column][et_pb_column type=&#8221;1_5&#8243; _builder_version=&#8221;3.25&#8243; custom_padding=&#8221;|||&#8221; custom_padding__hover=&#8221;|||&#8221;][\/et_pb_column][\/et_pb_row][et_pb_row column_structure=&#8221;1_4,1_4,1_4,1_4&#8243; make_equal=&#8221;on&#8221; _builder_version=&#8221;4.4.8&#8243;][et_pb_column type=&#8221;1_4&#8243; _builder_version=&#8221;4.4.8&#8243;][et_pb_blurb title=&#8221;Tiedostojen siirto&#8221; image=&#8221;https:\/\/www.genesesolution.com\/finland\/wp-content\/uploads\/sites\/2\/2020\/07\/data-center.svg&#8221; icon_alignment=&#8221;center&#8221; _builder_version=&#8221;4.9.4&#8243; header_font_size=&#8221;22px&#8221; text_orientation=&#8221;center&#8221; height=&#8221;100%&#8221;]<p><span>Hy\u00f6dynn\u00e4mme tiedostojen siirrossa EBS-, EFS- ja S3-palveluita. Tarjoamme varmuuskopiointi- ja arkistointiratkaisuja asiakkaillemme, jotka kaipaavat edullisia tiedontallennusvaihtoehtoja.<\/span><\/p>[\/et_pb_blurb][\/et_pb_column][et_pb_column type=&#8221;1_4&#8243; _builder_version=&#8221;4.4.8&#8243;][et_pb_blurb title=&#8221;Tietokantojen siirto&#8221; image=&#8221;https:\/\/www.genesesolution.com\/finland\/wp-content\/uploads\/sites\/2\/2020\/07\/migration-1.svg&#8221; icon_alignment=&#8221;center&#8221; _builder_version=&#8221;4.9.4&#8243; header_font_size=&#8221;22px&#8221; text_orientation=&#8221;center&#8221; height=&#8221;100%&#8221;]<p><span>Olemme olleet aktiivisia toimijoita tietokantojen siirroissa. Erikoistumiimme tietokantamoottoreihin kuuluu MySQL, SQL ja Oracle. Pilvitietokantanamme k\u00e4yt\u00e4mme AWS Auroraa.<\/span><\/p>[\/et_pb_blurb][\/et_pb_column][et_pb_column type=&#8221;1_4&#8243; _builder_version=&#8221;4.4.8&#8243;][et_pb_blurb title=&#8221;Sovellusten ja palveluiden siirto&#8221; image=&#8221;https:\/\/www.genesesolution.com\/finland\/wp-content\/uploads\/sites\/2\/2020\/07\/server.svg&#8221; icon_alignment=&#8221;center&#8221; _builder_version=&#8221;4.9.4&#8243; header_font_size=&#8221;22px&#8221; text_orientation=&#8221;center&#8221; height=&#8221;100%&#8221;]<p><span>Sovellusten, palveluiden ja muiden ty\u00f6kokonaisuuksien siirto on erikoisuutemme. Hy\u00f6dynn\u00e4mme SMS- ja CloudEndure-palveluita siirt\u00e4ess\u00e4mme ty\u00f6kokonaisuuksia paikallisista ohjelmistoista ja muista pilvipalveluista AWS:\u00e4\u00e4n.<\/span><\/p>[\/et_pb_blurb][\/et_pb_column][et_pb_column type=&#8221;1_4&#8243; _builder_version=&#8221;4.4.8&#8243;][et_pb_blurb title=&#8221;Toimintah\u00e4iri\u00f6ist\u00e4 palautuminen&#8221; image=&#8221;https:\/\/www.genesesolution.com\/finland\/wp-content\/uploads\/sites\/2\/2020\/07\/recovery.svg&#8221; icon_alignment=&#8221;center&#8221; _builder_version=&#8221;4.9.4&#8243; header_font_size=&#8221;22px&#8221; text_orientation=&#8221;center&#8221; height=&#8221;100%&#8221;]<p><span>Hy\u00f6dynn\u00e4mme toipumissuunnitelmassamme RTO- ja RPO-strategioita varmistaaksemme, ett\u00e4 asiakkaidemme IT-omaisuudella on t\u00e4ysi sietokyky kriisitilanteisiin. Hy\u00f6dynn\u00e4mme CloudEndure-palvelua toimintah\u00e4iri\u00f6tilanteissa.<\/span><\/p>[\/et_pb_blurb][\/et_pb_column][\/et_pb_row][\/et_pb_section]\n","protected":false},"excerpt":{"rendered":"","protected":false},"author":14,"featured_media":0,"parent":3534,"menu_order":0,"comment_status":"closed","ping_status":"closed","template":"","meta":{"_et_pb_use_builder":"on","_et_pb_old_content":"","_et_gb_content_width":"","_links_to":"","_links_to_target":""},"yoast_head":"<!-- This site is optimized with the Yoast SEO plugin v16.8 - https:\/\/yoast.com\/wordpress\/plugins\/seo\/ -->\n<title>AWS Cloud Migration Services | AWS Advanced Partner-Genese Solution<\/title>\n<meta name=\"description\" content=\"As an AWS Advanced Partner, we leverage cloud migration products and solutions that are verified by the AWS themselves including services like SMS, DMS, CloudEndure.\" \/>\n<meta name=\"robots\" content=\"index, follow, max-snippet:-1, max-image-preview:large, max-video-preview:-1\" \/>\n<link rel=\"canonical\" href=\"https:\/\/www.genesesolution.com\/finland\/aws-services\/aws-migraatioratkaisut\/\" \/>\n<meta property=\"og:locale\" content=\"en_US\" \/>\n<meta property=\"og:type\" content=\"article\" \/>\n<meta property=\"og:title\" content=\"AWS Cloud Migration Services | AWS Advanced Partner-Genese Solution\" \/>\n<meta property=\"og:description\" content=\"As an AWS Advanced Partner, we leverage cloud migration products and solutions that are verified by the AWS themselves including services like SMS, DMS, CloudEndure.\" \/>\n<meta property=\"og:url\" content=\"https:\/\/www.genesesolution.com\/finland\/aws-services\/aws-migraatioratkaisut\/\" \/>\n<meta property=\"og:site_name\" content=\"Genese Solution Finland\" \/>\n<meta property=\"article:modified_time\" content=\"2021-08-04T09:10:27+00:00\" \/>\n<meta name=\"twitter:card\" content=\"summary_large_image\" \/>\n<meta name=\"twitter:label1\" content=\"Est. reading time\" \/>\n\t<meta name=\"twitter:data1\" content=\"3 minutes\" \/>\n<script type=\"application\/ld+json\" class=\"yoast-schema-graph\">{\"@context\":\"https:\/\/schema.org\",\"@graph\":[{\"@type\":\"WebSite\",\"@id\":\"https:\/\/www.genesesolution.com\/finland\/#website\",\"url\":\"https:\/\/www.genesesolution.com\/finland\/\",\"name\":\"Genese Solution Finland\",\"description\":\"Creating you the best\",\"potentialAction\":[{\"@type\":\"SearchAction\",\"target\":{\"@type\":\"EntryPoint\",\"urlTemplate\":\"https:\/\/www.genesesolution.com\/finland\/?s={search_term_string}\"},\"query-input\":\"required name=search_term_string\"}],\"inLanguage\":\"en-US\"},{\"@type\":\"WebPage\",\"@id\":\"https:\/\/www.genesesolution.com\/finland\/aws-services\/aws-migraatioratkaisut\/#webpage\",\"url\":\"https:\/\/www.genesesolution.com\/finland\/aws-services\/aws-migraatioratkaisut\/\",\"name\":\"AWS Cloud Migration Services | AWS Advanced Partner-Genese Solution\",\"isPartOf\":{\"@id\":\"https:\/\/www.genesesolution.com\/finland\/#website\"},\"datePublished\":\"2020-09-16T08:14:54+00:00\",\"dateModified\":\"2021-08-04T09:10:27+00:00\",\"description\":\"As an AWS Advanced Partner, we leverage cloud migration products and solutions that are verified by the AWS themselves including services like SMS, DMS, CloudEndure.\",\"breadcrumb\":{\"@id\":\"https:\/\/www.genesesolution.com\/finland\/aws-services\/aws-migraatioratkaisut\/#breadcrumb\"},\"inLanguage\":\"en-US\",\"potentialAction\":[{\"@type\":\"ReadAction\",\"target\":[\"https:\/\/www.genesesolution.com\/finland\/aws-services\/aws-migraatioratkaisut\/\"]}]},{\"@type\":\"BreadcrumbList\",\"@id\":\"https:\/\/www.genesesolution.com\/finland\/aws-services\/aws-migraatioratkaisut\/#breadcrumb\",\"itemListElement\":[{\"@type\":\"ListItem\",\"position\":1,\"name\":\"Home\",\"item\":\"https:\/\/www.genesesolution.com\/finland\/\"},{\"@type\":\"ListItem\",\"position\":2,\"name\":\"Amazon Web Services (AWS)\",\"item\":\"https:\/\/www.genesesolution.com\/finland\/aws-services\/\"},{\"@type\":\"ListItem\",\"position\":3,\"name\":\"AWS Migraatioratkaisut\"}]}]}<\/script>\n<!-- \/ Yoast SEO plugin. -->","yoast_head_json":{"title":"AWS Cloud Migration Services | AWS Advanced Partner-Genese Solution","description":"As an AWS Advanced Partner, we leverage cloud migration products and solutions that are verified by the AWS themselves including services like SMS, DMS, CloudEndure.","robots":{"index":"index","follow":"follow","max-snippet":"max-snippet:-1","max-image-preview":"max-image-preview:large","max-video-preview":"max-video-preview:-1"},"canonical":"https:\/\/www.genesesolution.com\/finland\/aws-services\/aws-migraatioratkaisut\/","og_locale":"en_US","og_type":"article","og_title":"AWS Cloud Migration Services | AWS Advanced Partner-Genese Solution","og_description":"As an AWS Advanced Partner, we leverage cloud migration products and solutions that are verified by the AWS themselves including services like SMS, DMS, CloudEndure.","og_url":"https:\/\/www.genesesolution.com\/finland\/aws-services\/aws-migraatioratkaisut\/","og_site_name":"Genese Solution Finland","article_modified_time":"2021-08-04T09:10:27+00:00","twitter_card":"summary_large_image","twitter_misc":{"Est. reading time":"3 minutes"},"schema":{"@context":"https:\/\/schema.org","@graph":[{"@type":"WebSite","@id":"https:\/\/www.genesesolution.com\/finland\/#website","url":"https:\/\/www.genesesolution.com\/finland\/","name":"Genese Solution Finland","description":"Creating you the best","potentialAction":[{"@type":"SearchAction","target":{"@type":"EntryPoint","urlTemplate":"https:\/\/www.genesesolution.com\/finland\/?s={search_term_string}"},"query-input":"required name=search_term_string"}],"inLanguage":"en-US"},{"@type":"WebPage","@id":"https:\/\/www.genesesolution.com\/finland\/aws-services\/aws-migraatioratkaisut\/#webpage","url":"https:\/\/www.genesesolution.com\/finland\/aws-services\/aws-migraatioratkaisut\/","name":"AWS Cloud Migration Services | AWS Advanced Partner-Genese Solution","isPartOf":{"@id":"https:\/\/www.genesesolution.com\/finland\/#website"},"datePublished":"2020-09-16T08:14:54+00:00","dateModified":"2021-08-04T09:10:27+00:00","description":"As an AWS Advanced Partner, we leverage cloud migration products and solutions that are verified by the AWS themselves including services like SMS, DMS, CloudEndure.","breadcrumb":{"@id":"https:\/\/www.genesesolution.com\/finland\/aws-services\/aws-migraatioratkaisut\/#breadcrumb"},"inLanguage":"en-US","potentialAction":[{"@type":"ReadAction","target":["https:\/\/www.genesesolution.com\/finland\/aws-services\/aws-migraatioratkaisut\/"]}]},{"@type":"BreadcrumbList","@id":"https:\/\/www.genesesolution.com\/finland\/aws-services\/aws-migraatioratkaisut\/#breadcrumb","itemListElement":[{"@type":"ListItem","position":1,"name":"Home","item":"https:\/\/www.genesesolution.com\/finland\/"},{"@type":"ListItem","position":2,"name":"Amazon Web Services (AWS)","item":"https:\/\/www.genesesolution.com\/finland\/aws-services\/"},{"@type":"ListItem","position":3,"name":"AWS Migraatioratkaisut"}]}]}},"_links":{"self":[{"href":"https:\/\/www.genesesolution.com\/finland\/wp-json\/wp\/v2\/pages\/5904"}],"collection":[{"href":"https:\/\/www.genesesolution.com\/finland\/wp-json\/wp\/v2\/pages"}],"about":[{"href":"https:\/\/www.genesesolution.com\/finland\/wp-json\/wp\/v2\/types\/page"}],"author":[{"embeddable":true,"href":"https:\/\/www.genesesolution.com\/finland\/wp-json\/wp\/v2\/users\/14"}],"replies":[{"embeddable":true,"href":"https:\/\/www.genesesolution.com\/finland\/wp-json\/wp\/v2\/comments?post=5904"}],"version-history":[{"count":25,"href":"https:\/\/www.genesesolution.com\/finland\/wp-json\/wp\/v2\/pages\/5904\/revisions"}],"predecessor-version":[{"id":11782,"href":"https:\/\/www.genesesolution.com\/finland\/wp-json\/wp\/v2\/pages\/5904\/revisions\/11782"}],"up":[{"embeddable":true,"href":"https:\/\/www.genesesolution.com\/finland\/wp-json\/wp\/v2\/pages\/3534"}],"wp:attachment":[{"href":"https:\/\/www.genesesolution.com\/finland\/wp-json\/wp\/v2\/media?parent=5904"}],"curies":[{"name":"wp","href":"https:\/\/api.w.org\/{rel}","templated":true}]}}