{"id":6849,"date":"2020-11-30T07:46:28","date_gmt":"2020-11-30T07:46:28","guid":{"rendered":"https:\/\/www.genesesolution.com\/finland\/?page_id=6849"},"modified":"2021-08-04T09:49:43","modified_gmt":"2021-08-04T09:49:43","slug":"cyber-essentials-certification","status":"publish","type":"page","link":"https:\/\/www.genesesolution.com\/finland\/cyber-essentials-certification\/","title":{"rendered":"Cyber Essentials -sertifikaatit"},"content":{"rendered":"\n[et_pb_section fb_built=&#8221;1&#8243; admin_label=&#8221;Hero Section&#8221; _builder_version=&#8221;4.4.8&#8243; background_color=&#8221;#155a73&#8243; background_color_gradient_direction=&#8221;100deg&#8221; background_image=&#8221;https:\/\/www.genesesolution.com\/finland\/wp-content\/uploads\/sites\/2\/2020\/11\/Cyber-sec-1.png&#8221; background_position=&#8221;center_right&#8221; custom_padding=&#8221;60px||60px||true|false&#8221; custom_padding_phone=&#8221;30px||30px||true|false&#8221; background_last_edited=&#8221;on|desktop&#8221; background_enable_image_phone=&#8221;off&#8221; da_disable_devices=&#8221;off|off|off&#8221; da_is_popup=&#8221;off&#8221; da_exit_intent=&#8221;off&#8221; da_has_close=&#8221;on&#8221; da_alt_close=&#8221;off&#8221; da_dark_close=&#8221;off&#8221; da_not_modal=&#8221;on&#8221; da_is_singular=&#8221;off&#8221; da_with_loader=&#8221;off&#8221; da_has_shadow=&#8221;on&#8221;][et_pb_row column_structure=&#8221;3_5,2_5&#8243; make_equal=&#8221;on&#8221; admin_label=&#8221;Hero Area&#8221; _builder_version=&#8221;4.4.8&#8243; background_size=&#8221;initial&#8221; background_position=&#8221;top_left&#8221; background_repeat=&#8221;repeat&#8221;][et_pb_column type=&#8221;3_5&#8243; _builder_version=&#8221;4.4.8&#8243; custom_padding=&#8221;0px||0px||true|false&#8221; custom_css_main_element=&#8221;display: flex;||justify-content: center;||flex-direction: column;&#8221; custom_padding__hover=&#8221;|||&#8221;][et_pb_cta title=&#8221;Cyber Essentials -turvallisuushanke&#8221; button_url=&#8221;#&#8221; disabled_on=&#8221;off|off|off&#8221; admin_label=&#8221;Hero Text&#8221; module_class=&#8221;custom-bullets bullet-thumbs-up&#8221; _builder_version=&#8221;4.9.4&#8243; header_level=&#8221;h3&#8243; header_font=&#8221;GTWalsheimPro-Bold|700|||||||&#8221; header_text_align=&#8221;left&#8221; header_font_size=&#8221;40px&#8221; header_line_height=&#8221;1.4em&#8221; body_font=&#8221;||||||||&#8221; body_font_size=&#8221;18px&#8221; body_line_height=&#8221;1.8em&#8221; use_background_color=&#8221;off&#8221; custom_button=&#8221;on&#8221; button_text_size=&#8221;14px&#8221; button_text_color=&#8221;#2a2a2a&#8221; button_bg_color=&#8221;#ffffff&#8221; button_border_width=&#8221;12px&#8221; button_border_color=&#8221;#ffffff&#8221; button_letter_spacing=&#8221;2px&#8221; button_font=&#8221;Poppins|600||on|||||&#8221; button_icon=&#8221;%%3%%&#8221; text_orientation=&#8221;left&#8221; width=&#8221;100%&#8221; custom_padding=&#8221;0px||0px||false|false&#8221; animation_style=&#8221;fade&#8221; hover_enabled=&#8221;0&#8243; header_text_color_tablet=&#8221;&#8221; header_text_color_phone=&#8221;&#8221; header_text_color_last_edited=&#8221;on|phone&#8221; button_text_size__hover_enabled=&#8221;off&#8221; button_one_text_size__hover_enabled=&#8221;off&#8221; button_two_text_size__hover_enabled=&#8221;off&#8221; button_text_color__hover_enabled=&#8221;off&#8221; button_one_text_color__hover_enabled=&#8221;off&#8221; button_two_text_color__hover_enabled=&#8221;off&#8221; button_border_width__hover_enabled=&#8221;off&#8221; button_one_border_width__hover_enabled=&#8221;off&#8221; button_two_border_width__hover_enabled=&#8221;off&#8221; button_border_color__hover_enabled=&#8221;off&#8221; button_one_border_color__hover_enabled=&#8221;off&#8221; button_two_border_color__hover_enabled=&#8221;off&#8221; button_border_radius__hover_enabled=&#8221;off&#8221; button_one_border_radius__hover_enabled=&#8221;off&#8221; button_two_border_radius__hover_enabled=&#8221;off&#8221; button_letter_spacing__hover_enabled=&#8221;off&#8221; button_one_letter_spacing__hover_enabled=&#8221;off&#8221; button_two_letter_spacing__hover_enabled=&#8221;off&#8221; button_bg_color__hover_enabled=&#8221;off&#8221; button_one_bg_color__hover_enabled=&#8221;off&#8221; button_two_bg_color__hover_enabled=&#8221;off&#8221; sticky_enabled=&#8221;0&#8243;]<p><span data-sheets-value=\"{&quot;1&quot;:2,&quot;2&quot;:&quot;Cyber Essentials eli CE on valtion tukema turvallisuushanke, jonka avulla organisaatiot voivat suojautua tavallisimpia verkkouhkia vastaan ja osoittaa sitoutumista kyberturvallisuuteen.&quot;}\" data-sheets-userformat=\"{&quot;2&quot;:14653,&quot;3&quot;:{&quot;1&quot;:0,&quot;3&quot;:1},&quot;5&quot;:{&quot;1&quot;:[{&quot;1&quot;:2,&quot;2&quot;:0,&quot;5&quot;:[null,2,0]},{&quot;1&quot;:0,&quot;2&quot;:0,&quot;3&quot;:3},{&quot;1&quot;:1,&quot;2&quot;:0,&quot;4&quot;:1}]},&quot;6&quot;:{&quot;1&quot;:[{&quot;1&quot;:2,&quot;2&quot;:0,&quot;5&quot;:[null,2,0]},{&quot;1&quot;:0,&quot;2&quot;:0,&quot;3&quot;:3},{&quot;1&quot;:1,&quot;2&quot;:0,&quot;4&quot;:1}]},&quot;7&quot;:{&quot;1&quot;:[{&quot;1&quot;:2,&quot;2&quot;:0,&quot;5&quot;:[null,2,0]},{&quot;1&quot;:0,&quot;2&quot;:0,&quot;3&quot;:3},{&quot;1&quot;:1,&quot;2&quot;:0,&quot;4&quot;:1}]},&quot;8&quot;:{&quot;1&quot;:[{&quot;1&quot;:2,&quot;2&quot;:0,&quot;5&quot;:[null,2,0]},{&quot;1&quot;:0,&quot;2&quot;:0,&quot;3&quot;:3},{&quot;1&quot;:1,&quot;2&quot;:0,&quot;4&quot;:1}]},&quot;11&quot;:4,&quot;14&quot;:{&quot;1&quot;:3,&quot;3&quot;:1},&quot;15&quot;:&quot;Montserrat&quot;,&quot;16&quot;:10}\">Cyber Essentials eli CE on valtion tukema turvallisuushanke, jonka avulla organisaatiot voivat suojautua tavallisimpia verkkouhkia vastaan ja osoittaa sitoutumista kyberturvallisuuteen.<\/span><\/p>\n<p><span style=\"font-weight: 400;\"><\/span><\/p>\n<h4><strong><span>Kuinka yrityksesi voi hy\u00f6ty\u00e4 <\/span><\/strong><\/h4>\n<ul>\n<li><span>Turvallinen p\u00e4\u00e4sy<\/span><\/li>\n<li><span>Kohdej\u00e4rjestelm\u00e4ss\u00e4 olevien haavoittuvuuksien etsint\u00e4 ja raportointi<\/span><\/li>\n<li><span>Varmista oikeiden henkil\u00f6iden p\u00e4\u00e4syoikeus dataan ja palveluihin<\/span><\/li>\n<li><span>Virus- ja haittaohjelmien suojaus ja k\u00e4ytt\u00f6<\/span><\/li>\n<li><span>Keeping your applications up-to-date with necessary patches and security fixes<\/span><\/li>\n<\/ul>\n<p><span>Autamme ohjelmaasi t\u00e4ytt\u00e4m\u00e4\u00e4n yleisen tietosuoja-asetuksen (GDPR) turvallisuusvaatimukset.<\/span><\/p>[\/et_pb_cta][\/et_pb_column][et_pb_column type=&#8221;2_5&#8243; _builder_version=&#8221;4.4.8&#8243; custom_padding=&#8221;0px||0px||true|false&#8221; custom_css_main_element=&#8221;display: flex;||justify-content: center;||flex-direction: column;&#8221; custom_padding__hover=&#8221;|||&#8221;][\/et_pb_column][\/et_pb_row][\/et_pb_section][et_pb_section fb_built=&#8221;1&#8243; admin_label=&#8221;Service Section&#8221; _builder_version=&#8221;4.4.8&#8243; background_enable_image=&#8221;off&#8221; background_position=&#8221;top_center&#8221; custom_padding=&#8221;60px||100px|0px|false|false&#8221; da_disable_devices=&#8221;off|off|off&#8221; da_is_popup=&#8221;off&#8221; da_exit_intent=&#8221;off&#8221; da_has_close=&#8221;on&#8221; da_alt_close=&#8221;off&#8221; da_dark_close=&#8221;off&#8221; da_not_modal=&#8221;on&#8221; da_is_singular=&#8221;off&#8221; da_with_loader=&#8221;off&#8221; da_has_shadow=&#8221;on&#8221;][et_pb_row column_structure=&#8221;1_5,3_5,1_5&#8243; admin_label=&#8221;Title Area&#8221; _builder_version=&#8221;4.4.8&#8243; custom_padding=&#8221;||40px|&#8221;][et_pb_column type=&#8221;1_5&#8243; _builder_version=&#8221;3.25&#8243; custom_padding=&#8221;|||&#8221; custom_padding__hover=&#8221;|||&#8221;][\/et_pb_column][et_pb_column type=&#8221;3_5&#8243; _builder_version=&#8221;3.25&#8243; custom_padding=&#8221;|||&#8221; custom_padding__hover=&#8221;|||&#8221;][et_pb_text _builder_version=&#8221;4.9.4&#8243;]<h3 style=\"text-align: center;\"><span data-sheets-value=\"{&quot;1&quot;:2,&quot;2&quot;:&quot;Cyber Essentials -sertifikaatit&quot;}\" data-sheets-userformat=\"{&quot;2&quot;:14653,&quot;3&quot;:{&quot;1&quot;:0,&quot;3&quot;:1},&quot;5&quot;:{&quot;1&quot;:[{&quot;1&quot;:2,&quot;2&quot;:0,&quot;5&quot;:[null,2,0]},{&quot;1&quot;:0,&quot;2&quot;:0,&quot;3&quot;:3},{&quot;1&quot;:1,&quot;2&quot;:0,&quot;4&quot;:1}]},&quot;6&quot;:{&quot;1&quot;:[{&quot;1&quot;:2,&quot;2&quot;:0,&quot;5&quot;:[null,2,0]},{&quot;1&quot;:0,&quot;2&quot;:0,&quot;3&quot;:3},{&quot;1&quot;:1,&quot;2&quot;:0,&quot;4&quot;:1}]},&quot;7&quot;:{&quot;1&quot;:[{&quot;1&quot;:2,&quot;2&quot;:0,&quot;5&quot;:[null,2,0]},{&quot;1&quot;:0,&quot;2&quot;:0,&quot;3&quot;:3},{&quot;1&quot;:1,&quot;2&quot;:0,&quot;4&quot;:1}]},&quot;8&quot;:{&quot;1&quot;:[{&quot;1&quot;:2,&quot;2&quot;:0,&quot;5&quot;:[null,2,0]},{&quot;1&quot;:0,&quot;2&quot;:0,&quot;3&quot;:3},{&quot;1&quot;:1,&quot;2&quot;:0,&quot;4&quot;:1}]},&quot;11&quot;:4,&quot;14&quot;:{&quot;1&quot;:3,&quot;3&quot;:1},&quot;15&quot;:&quot;Montserrat&quot;,&quot;16&quot;:10}\">Cyber Essentials -sertifikaatit<\/span><\/h3>[\/et_pb_text][\/et_pb_column][et_pb_column type=&#8221;1_5&#8243; _builder_version=&#8221;3.25&#8243; custom_padding=&#8221;|||&#8221; custom_padding__hover=&#8221;|||&#8221;][\/et_pb_column][\/et_pb_row][et_pb_row column_structure=&#8221;1_2,1_2&#8243; make_equal=&#8221;on&#8221; _builder_version=&#8221;4.4.8&#8243;][et_pb_column type=&#8221;1_2&#8243; _builder_version=&#8221;4.4.8&#8243;][et_pb_blurb title=&#8221;Cyber Essentials&#8221; image=&#8221;https:\/\/www.genesesolution.com\/finland\/wp-content\/uploads\/sites\/2\/2020\/11\/secrt.png&#8221; icon_alignment=&#8221;center&#8221; image_max_width=&#8221;100px&#8221; _builder_version=&#8221;4.4.8&#8243; header_font_size=&#8221;22px&#8221; text_orientation=&#8221;center&#8221; min_height=&#8221;100%&#8221;]<p><span data-sheets-value=\"{&quot;1&quot;:2,&quot;2&quot;:&quot;Turvallisuusarviokysely, jolla arvioit organisaatiosi turvallisuusk\u00e4yt\u00e4nt\u00f6j\u00e4 ja -toimenpiteit\u00e4 sek\u00e4 ulkoisten j\u00e4rjestelmiesi, kuten verkkosivujen, palomuurin, s\u00e4hk\u00f6postin jne., turvatoimia. Vastaukset k\u00e4yd\u00e4\u00e4n l\u00e4pi kyberturvallisuusasiantuntijoiden toimesta.&quot;}\" data-sheets-userformat=\"{&quot;2&quot;:14653,&quot;3&quot;:{&quot;1&quot;:0,&quot;3&quot;:1},&quot;5&quot;:{&quot;1&quot;:[{&quot;1&quot;:2,&quot;2&quot;:0,&quot;5&quot;:[null,2,0]},{&quot;1&quot;:0,&quot;2&quot;:0,&quot;3&quot;:3},{&quot;1&quot;:1,&quot;2&quot;:0,&quot;4&quot;:1}]},&quot;6&quot;:{&quot;1&quot;:[{&quot;1&quot;:2,&quot;2&quot;:0,&quot;5&quot;:[null,2,0]},{&quot;1&quot;:0,&quot;2&quot;:0,&quot;3&quot;:3},{&quot;1&quot;:1,&quot;2&quot;:0,&quot;4&quot;:1}]},&quot;7&quot;:{&quot;1&quot;:[{&quot;1&quot;:2,&quot;2&quot;:0,&quot;5&quot;:[null,2,0]},{&quot;1&quot;:0,&quot;2&quot;:0,&quot;3&quot;:3},{&quot;1&quot;:1,&quot;2&quot;:0,&quot;4&quot;:1}]},&quot;8&quot;:{&quot;1&quot;:[{&quot;1&quot;:2,&quot;2&quot;:0,&quot;5&quot;:[null,2,0]},{&quot;1&quot;:0,&quot;2&quot;:0,&quot;3&quot;:3},{&quot;1&quot;:1,&quot;2&quot;:0,&quot;4&quot;:1}]},&quot;11&quot;:4,&quot;14&quot;:{&quot;1&quot;:3,&quot;3&quot;:1},&quot;15&quot;:&quot;Montserrat&quot;,&quot;16&quot;:10}\">Turvallisuusarviokysely, jolla arvioit organisaatiosi turvallisuusk\u00e4yt\u00e4nt\u00f6j\u00e4 ja -toimenpiteit\u00e4 sek\u00e4 ulkoisten j\u00e4rjestelmiesi, kuten verkkosivujen, palomuurin, s\u00e4hk\u00f6postin jne., turvatoimia. Vastaukset k\u00e4yd\u00e4\u00e4n l\u00e4pi kyberturvallisuusasiantuntijoiden toimesta.<\/span><\/p>[\/et_pb_blurb][\/et_pb_column][et_pb_column type=&#8221;1_2&#8243; _builder_version=&#8221;4.4.8&#8243;][et_pb_blurb title=&#8221;  Cyber Essentials Plus&#8221; image=&#8221;https:\/\/www.genesesolution.com\/finland\/wp-content\/uploads\/sites\/2\/2020\/11\/security-blus.png&#8221; icon_alignment=&#8221;center&#8221; image_max_width=&#8221;100px&#8221; _builder_version=&#8221;4.4.8&#8243; header_font_size=&#8221;22px&#8221; text_orientation=&#8221;center&#8221; min_height=&#8221;100%&#8221;]<p><span data-sheets-value=\"{&quot;1&quot;:2,&quot;2&quot;:&quot;Perustason Cyber Essentials, jonka lis\u00e4ksi tehd\u00e4\u00e4n tarkastusk\u00e4ynti. Tarkastusk\u00e4ynnill\u00e4 suoritetaan asianmukainen turvallisuustesti, jolla tarkistetaan, ett\u00e4 turvatoimet ovat Cyber Essentials -vaatimusten tasolla. T\u00e4m\u00e4 on yleinen k\u00e4yt\u00e4nt\u00f6, jonka suorittavat kaikki sertifioidut turvallisuustahot.&quot;}\" data-sheets-userformat=\"{&quot;2&quot;:14653,&quot;3&quot;:{&quot;1&quot;:0,&quot;3&quot;:1},&quot;5&quot;:{&quot;1&quot;:[{&quot;1&quot;:2,&quot;2&quot;:0,&quot;5&quot;:[null,2,0]},{&quot;1&quot;:0,&quot;2&quot;:0,&quot;3&quot;:3},{&quot;1&quot;:1,&quot;2&quot;:0,&quot;4&quot;:1}]},&quot;6&quot;:{&quot;1&quot;:[{&quot;1&quot;:2,&quot;2&quot;:0,&quot;5&quot;:[null,2,0]},{&quot;1&quot;:0,&quot;2&quot;:0,&quot;3&quot;:3},{&quot;1&quot;:1,&quot;2&quot;:0,&quot;4&quot;:1}]},&quot;7&quot;:{&quot;1&quot;:[{&quot;1&quot;:2,&quot;2&quot;:0,&quot;5&quot;:[null,2,0]},{&quot;1&quot;:0,&quot;2&quot;:0,&quot;3&quot;:3},{&quot;1&quot;:1,&quot;2&quot;:0,&quot;4&quot;:1}]},&quot;8&quot;:{&quot;1&quot;:[{&quot;1&quot;:2,&quot;2&quot;:0,&quot;5&quot;:[null,2,0]},{&quot;1&quot;:0,&quot;2&quot;:0,&quot;3&quot;:3},{&quot;1&quot;:1,&quot;2&quot;:0,&quot;4&quot;:1}]},&quot;11&quot;:4,&quot;14&quot;:{&quot;1&quot;:3,&quot;3&quot;:1},&quot;15&quot;:&quot;Montserrat&quot;,&quot;16&quot;:10}\">Perustason Cyber Essentials, jonka lis\u00e4ksi tehd\u00e4\u00e4n tarkastusk\u00e4ynti. Tarkastusk\u00e4ynnill\u00e4 suoritetaan asianmukainen turvallisuustesti, jolla tarkistetaan, ett\u00e4 turvatoimet ovat Cyber Essentials -vaatimusten tasolla. T\u00e4m\u00e4 on yleinen k\u00e4yt\u00e4nt\u00f6, jonka suorittavat kaikki sertifioidut turvallisuustahot.<\/span><\/p>[\/et_pb_blurb][\/et_pb_column][\/et_pb_row][\/et_pb_section]\n","protected":false},"excerpt":{"rendered":"","protected":false},"author":15,"featured_media":0,"parent":0,"menu_order":0,"comment_status":"closed","ping_status":"closed","template":"","meta":{"_et_pb_use_builder":"on","_et_pb_old_content":"","_et_gb_content_width":"","_links_to":"","_links_to_target":""},"yoast_head":"<!-- This site is optimized with the Yoast SEO plugin v16.8 - https:\/\/yoast.com\/wordpress\/plugins\/seo\/ -->\n<title>Data Protection | Cyber Essentials-Gense Solution<\/title>\n<meta name=\"description\" content=\"(CE) is a government-backed accreditation that helps to protect organisations against common online threats and demonstrate organizations commitment to cyber security.\" \/>\n<meta name=\"robots\" content=\"index, follow, max-snippet:-1, max-image-preview:large, max-video-preview:-1\" \/>\n<link rel=\"canonical\" href=\"https:\/\/www.genesesolution.com\/finland\/cyber-essentials-certification\/\" \/>\n<meta property=\"og:locale\" content=\"en_US\" \/>\n<meta property=\"og:type\" content=\"article\" \/>\n<meta property=\"og:title\" content=\"Data Protection | Cyber Essentials-Gense Solution\" \/>\n<meta property=\"og:description\" content=\"(CE) is a government-backed accreditation that helps to protect organisations against common online threats and demonstrate organizations commitment to cyber security.\" \/>\n<meta property=\"og:url\" content=\"https:\/\/www.genesesolution.com\/finland\/cyber-essentials-certification\/\" \/>\n<meta property=\"og:site_name\" content=\"Genese Solution Finland\" \/>\n<meta property=\"article:modified_time\" content=\"2021-08-04T09:49:43+00:00\" \/>\n<meta name=\"twitter:card\" content=\"summary_large_image\" \/>\n<meta name=\"twitter:label1\" content=\"Est. reading time\" \/>\n\t<meta name=\"twitter:data1\" content=\"2 minutes\" \/>\n<script type=\"application\/ld+json\" class=\"yoast-schema-graph\">{\"@context\":\"https:\/\/schema.org\",\"@graph\":[{\"@type\":\"WebSite\",\"@id\":\"https:\/\/www.genesesolution.com\/finland\/#website\",\"url\":\"https:\/\/www.genesesolution.com\/finland\/\",\"name\":\"Genese Solution Finland\",\"description\":\"Creating you the best\",\"potentialAction\":[{\"@type\":\"SearchAction\",\"target\":{\"@type\":\"EntryPoint\",\"urlTemplate\":\"https:\/\/www.genesesolution.com\/finland\/?s={search_term_string}\"},\"query-input\":\"required name=search_term_string\"}],\"inLanguage\":\"en-US\"},{\"@type\":\"WebPage\",\"@id\":\"https:\/\/www.genesesolution.com\/finland\/cyber-essentials-certification\/#webpage\",\"url\":\"https:\/\/www.genesesolution.com\/finland\/cyber-essentials-certification\/\",\"name\":\"Data Protection | Cyber Essentials-Gense Solution\",\"isPartOf\":{\"@id\":\"https:\/\/www.genesesolution.com\/finland\/#website\"},\"datePublished\":\"2020-11-30T07:46:28+00:00\",\"dateModified\":\"2021-08-04T09:49:43+00:00\",\"description\":\"(CE) is a government-backed accreditation that helps to protect organisations against common online threats and demonstrate organizations commitment to cyber security.\",\"breadcrumb\":{\"@id\":\"https:\/\/www.genesesolution.com\/finland\/cyber-essentials-certification\/#breadcrumb\"},\"inLanguage\":\"en-US\",\"potentialAction\":[{\"@type\":\"ReadAction\",\"target\":[\"https:\/\/www.genesesolution.com\/finland\/cyber-essentials-certification\/\"]}]},{\"@type\":\"BreadcrumbList\",\"@id\":\"https:\/\/www.genesesolution.com\/finland\/cyber-essentials-certification\/#breadcrumb\",\"itemListElement\":[{\"@type\":\"ListItem\",\"position\":1,\"name\":\"Home\",\"item\":\"https:\/\/www.genesesolution.com\/finland\/\"},{\"@type\":\"ListItem\",\"position\":2,\"name\":\"Cyber Essentials -sertifikaatit\"}]}]}<\/script>\n<!-- \/ Yoast SEO plugin. -->","yoast_head_json":{"title":"Data Protection | Cyber Essentials-Gense Solution","description":"(CE) is a government-backed accreditation that helps to protect organisations against common online threats and demonstrate organizations commitment to cyber security.","robots":{"index":"index","follow":"follow","max-snippet":"max-snippet:-1","max-image-preview":"max-image-preview:large","max-video-preview":"max-video-preview:-1"},"canonical":"https:\/\/www.genesesolution.com\/finland\/cyber-essentials-certification\/","og_locale":"en_US","og_type":"article","og_title":"Data Protection | Cyber Essentials-Gense Solution","og_description":"(CE) is a government-backed accreditation that helps to protect organisations against common online threats and demonstrate organizations commitment to cyber security.","og_url":"https:\/\/www.genesesolution.com\/finland\/cyber-essentials-certification\/","og_site_name":"Genese Solution Finland","article_modified_time":"2021-08-04T09:49:43+00:00","twitter_card":"summary_large_image","twitter_misc":{"Est. reading time":"2 minutes"},"schema":{"@context":"https:\/\/schema.org","@graph":[{"@type":"WebSite","@id":"https:\/\/www.genesesolution.com\/finland\/#website","url":"https:\/\/www.genesesolution.com\/finland\/","name":"Genese Solution Finland","description":"Creating you the best","potentialAction":[{"@type":"SearchAction","target":{"@type":"EntryPoint","urlTemplate":"https:\/\/www.genesesolution.com\/finland\/?s={search_term_string}"},"query-input":"required name=search_term_string"}],"inLanguage":"en-US"},{"@type":"WebPage","@id":"https:\/\/www.genesesolution.com\/finland\/cyber-essentials-certification\/#webpage","url":"https:\/\/www.genesesolution.com\/finland\/cyber-essentials-certification\/","name":"Data Protection | Cyber Essentials-Gense Solution","isPartOf":{"@id":"https:\/\/www.genesesolution.com\/finland\/#website"},"datePublished":"2020-11-30T07:46:28+00:00","dateModified":"2021-08-04T09:49:43+00:00","description":"(CE) is a government-backed accreditation that helps to protect organisations against common online threats and demonstrate organizations commitment to cyber security.","breadcrumb":{"@id":"https:\/\/www.genesesolution.com\/finland\/cyber-essentials-certification\/#breadcrumb"},"inLanguage":"en-US","potentialAction":[{"@type":"ReadAction","target":["https:\/\/www.genesesolution.com\/finland\/cyber-essentials-certification\/"]}]},{"@type":"BreadcrumbList","@id":"https:\/\/www.genesesolution.com\/finland\/cyber-essentials-certification\/#breadcrumb","itemListElement":[{"@type":"ListItem","position":1,"name":"Home","item":"https:\/\/www.genesesolution.com\/finland\/"},{"@type":"ListItem","position":2,"name":"Cyber Essentials -sertifikaatit"}]}]}},"_links":{"self":[{"href":"https:\/\/www.genesesolution.com\/finland\/wp-json\/wp\/v2\/pages\/6849"}],"collection":[{"href":"https:\/\/www.genesesolution.com\/finland\/wp-json\/wp\/v2\/pages"}],"about":[{"href":"https:\/\/www.genesesolution.com\/finland\/wp-json\/wp\/v2\/types\/page"}],"author":[{"embeddable":true,"href":"https:\/\/www.genesesolution.com\/finland\/wp-json\/wp\/v2\/users\/15"}],"replies":[{"embeddable":true,"href":"https:\/\/www.genesesolution.com\/finland\/wp-json\/wp\/v2\/comments?post=6849"}],"version-history":[{"count":32,"href":"https:\/\/www.genesesolution.com\/finland\/wp-json\/wp\/v2\/pages\/6849\/revisions"}],"predecessor-version":[{"id":11797,"href":"https:\/\/www.genesesolution.com\/finland\/wp-json\/wp\/v2\/pages\/6849\/revisions\/11797"}],"wp:attachment":[{"href":"https:\/\/www.genesesolution.com\/finland\/wp-json\/wp\/v2\/media?parent=6849"}],"curies":[{"name":"wp","href":"https:\/\/api.w.org\/{rel}","templated":true}]}}